{"id":1465,"date":"2022-03-02T12:08:40","date_gmt":"2022-03-02T11:08:40","guid":{"rendered":"https:\/\/www.mididecorstchinian.com\/?post_type=product&#038;p=1465"},"modified":"2025-11-24T11:14:23","modified_gmt":"2025-11-24T10:14:23","slug":"frenchic-original-artisan-range-150ml-various-colours","status":"publish","type":"product","link":"https:\/\/www.mididecorstchinian.com\/fr\/produit\/frenchic-original-artisan-range-150ml-various-colours\/","title":{"rendered":"Frenchic &#8211; Original Artisan Range &#8211; 150ml &#8211; Various Colours"},"content":{"rendered":"<p>Original Artisan Range &#8211; Various Colours &#8211; 150ml<\/p>\n<p>The Original Artisan Range is a traditional style, eco-friendly, chalk and mineral paint.<\/p>\n<p>Original Artisan Range colours available:<\/p>\n<p><strong>Grey Pebble, Lady Grey and Virgin.<\/strong><\/p>\n<p>It&#8217;s rich, creamy and self-priming and gives you superior coverage.<\/p>\n<p>Teneur minimale en COV et pratiquement aucune odeur.<\/p>\n<p>Traditionally, the Artisan Range benefits from sealing with either Waxes, <a href=\"https:\/\/www.mididecorstchinian.com\/fr\/produit\/frenchic-finishing-coat-500ml-clear\/\">Finishing Coat (couche de finition)<\/a> ou <a href=\"https:\/\/www.mididecorstchinian.com\/fr\/produit\/frenchic-tuff-top-coat-500ml-clear-matt\/\">Tuff Top Coat (scellant r\u00e9sistant \u00e0 l\u2019usure)<\/a> for extra protection and durability.<\/p>\n<p>Vous pouvez cr\u00e9er des effets d\u00e9coratifs presque sans fin \u2013 laissez libre cours \u00e0 votre imagination avec de la texture et plusieurs couches de couleurs pour un look \u00e9clectique rustique ou vieilli ou optez pour une finition lisse et \u00e9l\u00e9gante.<\/p>\n<p>Comme pour toutes les peintures et finitions Frenchic, il est certifi\u00e9 UKCA et EN71-3, ce qui signifie qu\u2019il est s\u00fbr \u00e0 utiliser sur les jouets pour enfants.<\/p>\n<h4><strong>Preparation for a project using the Original Artisan Range:<\/strong><\/h4>\n<p>Ensure surfaces are in suitable condition for painting &#8211; clean, dry, free from wax, grease or penetrating substances and in sound condition. If previously painted, remove loose or flaking paint.<\/p>\n<p>Surface preparation required in addition to the above \u2013 clean with <a href=\"https:\/\/www.mididecorstchinian.com\/fr\/produit\/frenchic-sugar-soap-500ml\/\">Frenchic Sugar Soap,<\/a> rinse and dry thoroughly. Hand sand sufficiently to abrade the surface. Wipe off any dust, paint away.<\/p>\n<p>Stir thoroughly with a wide implement, such as a Paint Paddle, prior to each use.<\/p>\n<h4><strong>Application, drying and curing time for the Original Artisan Range:<\/strong><\/h4>\n<p>Apply with a good quality brush or a roller. Also suitable for spraying &#8211; thin with up to 15% tap water and apply additional coats.<\/p>\n<p>Les pinceaux Cervus sont id\u00e9aux pour tous vos projets de peinture, grands et petits.<br \/>\nAvailable in <a href=\"https:\/\/www.mididecorstchinian.com\/fr\/produit\/cervus-pennelli-brushes-flat-s-k-green-handle\/\">vert plat<\/a>, <a href=\"https:\/\/www.mididecorstchinian.com\/fr\/produit\/cervus-pennelli-brushes-flat-s-ap18-red-handle\/\">rouge plat<\/a>, <a href=\"https:\/\/www.mididecorstchinian.com\/fr\/produit\/cervus-pennelli-oval-paint-brushes-s-169\/\">ovale<\/a> et<a href=\"https:\/\/www.mididecorstchinian.com\/fr\/produit\/cervus-pennelli-brushes-rechampir-s-89-sizes-21-25\/\"> pointue.<\/a><\/p>\n<h3><strong>To allow self-levelling, avoid overworking the Artisan Range paint.<\/strong><\/h3>\n<p>Allow a minimum of 1 hour between coats\u00a0(even if the paint feels touch dry).<\/p>\n<p>Curing (hardening) time is 2-3 weeks in normal conditions. Treat gently until curing is complete.<\/p>\n<h4><strong>Clean up and storage:<\/strong><\/h4>\n<p>Reseal pot after use. Clean up any spills immediately with water. Wash brushes in warm, soapy water.<br \/>\nDo not store where the pot could be subjected to damp, frost, freezing or high temperatures.<\/p>\n<p>Nous sommes disponibles via WhatsApp -<a href=\"https:\/\/wa.me\/33784863599\">\u00a0cliquez ici :\u00a0<\/a><\/p>","protected":false},"excerpt":{"rendered":"<p>Original Artisan Range &#8211; Various Colours &#8211; 150ml<\/p>\n<p>The Original Artisan Range is a traditional style, eco-friendly, chalk and mineral paint.<\/p>\n<p>150ml &#8211; <strong>Grey Pebble, Lady Grey &amp; Virgin.<\/strong><\/p>","protected":false},"featured_media":1484,"template":"","meta":[],"product_brand":[363],"product_cat":[128],"product_tag":[379,377,384,385,374],"class_list":{"0":"post-1465","1":"product","2":"type-product","3":"status-publish","4":"has-post-thumbnail","6":"product_brand-frenchic-paint","7":"product_cat-orginal-artisan-paint","8":"product_tag-furniture","9":"product_tag-interior","10":"product_tag-mdf","11":"product_tag-walls","12":"product_tag-wood","14":"first","15":"instock","16":"sale","17":"taxable","18":"shipping-taxable","19":"purchasable","20":"product-type-variable"},"yoast_head":"<!-- This site is optimized with the Yoast SEO plugin v27.3 - https:\/\/yoast.com\/product\/yoast-seo-wordpress\/ -->\n<title>Frenchic - Original Artisan Range - 150ml - Various Colours | Midi D\u00e9cor St Chinian<\/title>\n<meta name=\"description\" content=\"Original Artisan Range - Various Colours - 150mlThe Original Artisan Range is a traditional style, eco-friendly, chalk and mineral paint.\" \/>\n<meta name=\"robots\" content=\"index, follow, max-snippet:-1, max-image-preview:large, max-video-preview:-1\" \/>\n<link rel=\"canonical\" href=\"https:\/\/www.mididecorstchinian.com\/fr\/produit\/frenchic-original-artisan-range-150ml-various-colours\/\" \/>\n<meta property=\"og:locale\" content=\"fr_FR\" \/>\n<meta property=\"og:type\" content=\"article\" \/>\n<meta property=\"og:title\" content=\"Frenchic - Original Artisan Range - 150ml - Various Colours | Midi D\u00e9cor St Chinian\" \/>\n<meta property=\"og:description\" content=\"Original Artisan Range - Various Colours - 150mlThe Original Artisan Range is a traditional style, eco-friendly, chalk and mineral paint.\" \/>\n<meta property=\"og:url\" content=\"https:\/\/www.mididecorstchinian.com\/fr\/produit\/frenchic-original-artisan-range-150ml-various-colours\/\" \/>\n<meta property=\"og:site_name\" content=\"Midi D\u00e9cor St Chinian\" \/>\n<meta property=\"article:publisher\" content=\"https:\/\/www.facebook.com\/mididecorstchinian\" \/>\n<meta property=\"article:modified_time\" content=\"2025-11-24T10:14:23+00:00\" \/>\n<meta property=\"og:image\" content=\"https:\/\/www.mididecorstchinian.com\/wp-content\/uploads\/2022\/03\/FR-OAR-150-DC-scaled.jpg\" \/>\n\t<meta property=\"og:image:width\" content=\"2560\" \/>\n\t<meta property=\"og:image:height\" content=\"2330\" \/>\n\t<meta property=\"og:image:type\" content=\"image\/jpeg\" \/>\n<meta name=\"twitter:card\" content=\"summary_large_image\" \/>\n<meta name=\"twitter:label1\" content=\"Dur\u00e9e de lecture estim\u00e9e\" \/>\n\t<meta name=\"twitter:data1\" content=\"1 minute\" \/>\n<script type=\"application\/ld+json\" class=\"yoast-schema-graph\">{\"@context\":\"https:\\\/\\\/schema.org\",\"@graph\":[{\"@type\":\"WebPage\",\"@id\":\"https:\\\/\\\/www.mididecorstchinian.com\\\/product\\\/frenchic-original-artisan-range-150ml-various-colours\\\/\",\"url\":\"https:\\\/\\\/www.mididecorstchinian.com\\\/product\\\/frenchic-original-artisan-range-150ml-various-colours\\\/\",\"name\":\"Frenchic - Original Artisan Range - 150ml - Various Colours | Midi D\u00e9cor St Chinian\",\"isPartOf\":{\"@id\":\"https:\\\/\\\/www.mididecorstchinian.com\\\/#website\"},\"primaryImageOfPage\":{\"@id\":\"https:\\\/\\\/www.mididecorstchinian.com\\\/product\\\/frenchic-original-artisan-range-150ml-various-colours\\\/#primaryimage\"},\"image\":{\"@id\":\"https:\\\/\\\/www.mididecorstchinian.com\\\/product\\\/frenchic-original-artisan-range-150ml-various-colours\\\/#primaryimage\"},\"thumbnailUrl\":\"https:\\\/\\\/www.mididecorstchinian.com\\\/wp-content\\\/uploads\\\/2022\\\/03\\\/FR-OAR-150-DC-scaled.jpg\",\"datePublished\":\"2022-03-02T11:08:40+00:00\",\"dateModified\":\"2025-11-24T10:14:23+00:00\",\"description\":\"Original Artisan Range - Various Colours - 150mlThe Original Artisan Range is a traditional style, eco-friendly, chalk and mineral paint.\",\"breadcrumb\":{\"@id\":\"https:\\\/\\\/www.mididecorstchinian.com\\\/product\\\/frenchic-original-artisan-range-150ml-various-colours\\\/#breadcrumb\"},\"inLanguage\":\"fr-FR\",\"potentialAction\":[{\"@type\":\"ReadAction\",\"target\":[\"https:\\\/\\\/www.mididecorstchinian.com\\\/product\\\/frenchic-original-artisan-range-150ml-various-colours\\\/\"]}]},{\"@type\":\"ImageObject\",\"inLanguage\":\"fr-FR\",\"@id\":\"https:\\\/\\\/www.mididecorstchinian.com\\\/product\\\/frenchic-original-artisan-range-150ml-various-colours\\\/#primaryimage\",\"url\":\"https:\\\/\\\/www.mididecorstchinian.com\\\/wp-content\\\/uploads\\\/2022\\\/03\\\/FR-OAR-150-DC-scaled.jpg\",\"contentUrl\":\"https:\\\/\\\/www.mididecorstchinian.com\\\/wp-content\\\/uploads\\\/2022\\\/03\\\/FR-OAR-150-DC-scaled.jpg\",\"width\":2560,\"height\":2330},{\"@type\":\"BreadcrumbList\",\"@id\":\"https:\\\/\\\/www.mididecorstchinian.com\\\/product\\\/frenchic-original-artisan-range-150ml-various-colours\\\/#breadcrumb\",\"itemListElement\":[{\"@type\":\"ListItem\",\"position\":1,\"name\":\"Home\",\"item\":\"https:\\\/\\\/www.mididecorstchinian.com\\\/\"},{\"@type\":\"ListItem\",\"position\":2,\"name\":\"Shop\",\"item\":\"https:\\\/\\\/www.mididecorstchinian.com\\\/shop\\\/\"},{\"@type\":\"ListItem\",\"position\":3,\"name\":\"Frenchic &#8211; Original Artisan Range &#8211; 150ml &#8211; Various Colours\"}]},{\"@type\":\"WebSite\",\"@id\":\"https:\\\/\\\/www.mididecorstchinian.com\\\/#website\",\"url\":\"https:\\\/\\\/www.mididecorstchinian.com\\\/\",\"name\":\"Midi D\u00e9cor St Chinian\",\"description\":\"Selling Frenchic, Crown &amp; Sandtex paint in France\",\"publisher\":{\"@id\":\"https:\\\/\\\/www.mididecorstchinian.com\\\/#organization\"},\"potentialAction\":[{\"@type\":\"SearchAction\",\"target\":{\"@type\":\"EntryPoint\",\"urlTemplate\":\"https:\\\/\\\/www.mididecorstchinian.com\\\/?s={search_term_string}\"},\"query-input\":{\"@type\":\"PropertyValueSpecification\",\"valueRequired\":true,\"valueName\":\"search_term_string\"}}],\"inLanguage\":\"fr-FR\"},{\"@type\":\"Organization\",\"@id\":\"https:\\\/\\\/www.mididecorstchinian.com\\\/#organization\",\"name\":\"Midi D\u00e9cor St Chinian\",\"url\":\"https:\\\/\\\/www.mididecorstchinian.com\\\/\",\"logo\":{\"@type\":\"ImageObject\",\"inLanguage\":\"fr-FR\",\"@id\":\"https:\\\/\\\/www.mididecorstchinian.com\\\/#\\\/schema\\\/logo\\\/image\\\/\",\"url\":\"https:\\\/\\\/www.mididecorstchinian.com\\\/wp-content\\\/uploads\\\/2025\\\/08\\\/Logo-MD2025-Long-Transparent-medium.png\",\"contentUrl\":\"https:\\\/\\\/www.mididecorstchinian.com\\\/wp-content\\\/uploads\\\/2025\\\/08\\\/Logo-MD2025-Long-Transparent-medium.png\",\"width\":1599,\"height\":532,\"caption\":\"Midi D\u00e9cor St Chinian\"},\"image\":{\"@id\":\"https:\\\/\\\/www.mididecorstchinian.com\\\/#\\\/schema\\\/logo\\\/image\\\/\"},\"sameAs\":[\"https:\\\/\\\/www.facebook.com\\\/mididecorstchinian\",\"https:\\\/\\\/www.instagram.com\\\/mididecor_saintchinian\\\/\"]}]}<\/script>\n<!-- \/ Yoast SEO plugin. -->","yoast_head_json":{"title":"Frenchic - Original Artisan Range - 150ml - Various Colours | Midi D\u00e9cor St Chinian","description":"Original Artisan Range - Various Colours - 150mlThe Original Artisan Range is a traditional style, eco-friendly, chalk and mineral paint.","robots":{"index":"index","follow":"follow","max-snippet":"max-snippet:-1","max-image-preview":"max-image-preview:large","max-video-preview":"max-video-preview:-1"},"canonical":"https:\/\/www.mididecorstchinian.com\/fr\/produit\/frenchic-original-artisan-range-150ml-various-colours\/","og_locale":"fr_FR","og_type":"article","og_title":"Frenchic - Original Artisan Range - 150ml - Various Colours | Midi D\u00e9cor St Chinian","og_description":"Original Artisan Range - Various Colours - 150mlThe Original Artisan Range is a traditional style, eco-friendly, chalk and mineral paint.","og_url":"https:\/\/www.mididecorstchinian.com\/fr\/produit\/frenchic-original-artisan-range-150ml-various-colours\/","og_site_name":"Midi D\u00e9cor St Chinian","article_publisher":"https:\/\/www.facebook.com\/mididecorstchinian","article_modified_time":"2025-11-24T10:14:23+00:00","og_image":[{"width":2560,"height":2330,"url":"https:\/\/www.mididecorstchinian.com\/wp-content\/uploads\/2022\/03\/FR-OAR-150-DC-scaled.jpg","type":"image\/jpeg"}],"twitter_card":"summary_large_image","twitter_misc":{"Dur\u00e9e de lecture estim\u00e9e":"1 minute"},"schema":{"@context":"https:\/\/schema.org","@graph":[{"@type":"WebPage","@id":"https:\/\/www.mididecorstchinian.com\/product\/frenchic-original-artisan-range-150ml-various-colours\/","url":"https:\/\/www.mididecorstchinian.com\/product\/frenchic-original-artisan-range-150ml-various-colours\/","name":"Frenchic - Original Artisan Range - 150ml - Various Colours | Midi D\u00e9cor St Chinian","isPartOf":{"@id":"https:\/\/www.mididecorstchinian.com\/#website"},"primaryImageOfPage":{"@id":"https:\/\/www.mididecorstchinian.com\/product\/frenchic-original-artisan-range-150ml-various-colours\/#primaryimage"},"image":{"@id":"https:\/\/www.mididecorstchinian.com\/product\/frenchic-original-artisan-range-150ml-various-colours\/#primaryimage"},"thumbnailUrl":"https:\/\/www.mididecorstchinian.com\/wp-content\/uploads\/2022\/03\/FR-OAR-150-DC-scaled.jpg","datePublished":"2022-03-02T11:08:40+00:00","dateModified":"2025-11-24T10:14:23+00:00","description":"Original Artisan Range - Various Colours - 150mlThe Original Artisan Range is a traditional style, eco-friendly, chalk and mineral paint.","breadcrumb":{"@id":"https:\/\/www.mididecorstchinian.com\/product\/frenchic-original-artisan-range-150ml-various-colours\/#breadcrumb"},"inLanguage":"fr-FR","potentialAction":[{"@type":"ReadAction","target":["https:\/\/www.mididecorstchinian.com\/product\/frenchic-original-artisan-range-150ml-various-colours\/"]}]},{"@type":"ImageObject","inLanguage":"fr-FR","@id":"https:\/\/www.mididecorstchinian.com\/product\/frenchic-original-artisan-range-150ml-various-colours\/#primaryimage","url":"https:\/\/www.mididecorstchinian.com\/wp-content\/uploads\/2022\/03\/FR-OAR-150-DC-scaled.jpg","contentUrl":"https:\/\/www.mididecorstchinian.com\/wp-content\/uploads\/2022\/03\/FR-OAR-150-DC-scaled.jpg","width":2560,"height":2330},{"@type":"BreadcrumbList","@id":"https:\/\/www.mididecorstchinian.com\/product\/frenchic-original-artisan-range-150ml-various-colours\/#breadcrumb","itemListElement":[{"@type":"ListItem","position":1,"name":"Home","item":"https:\/\/www.mididecorstchinian.com\/"},{"@type":"ListItem","position":2,"name":"Shop","item":"https:\/\/www.mididecorstchinian.com\/shop\/"},{"@type":"ListItem","position":3,"name":"Frenchic &#8211; Original Artisan Range &#8211; 150ml &#8211; Various Colours"}]},{"@type":"WebSite","@id":"https:\/\/www.mididecorstchinian.com\/#website","url":"https:\/\/www.mididecorstchinian.com\/","name":"Midi D\u00e9cor St Chinian","description":"Selling Frenchic, Crown &amp; Sandtex paint in France","publisher":{"@id":"https:\/\/www.mididecorstchinian.com\/#organization"},"potentialAction":[{"@type":"SearchAction","target":{"@type":"EntryPoint","urlTemplate":"https:\/\/www.mididecorstchinian.com\/?s={search_term_string}"},"query-input":{"@type":"PropertyValueSpecification","valueRequired":true,"valueName":"search_term_string"}}],"inLanguage":"fr-FR"},{"@type":"Organization","@id":"https:\/\/www.mididecorstchinian.com\/#organization","name":"Midi D\u00e9cor St Chinian","url":"https:\/\/www.mididecorstchinian.com\/","logo":{"@type":"ImageObject","inLanguage":"fr-FR","@id":"https:\/\/www.mididecorstchinian.com\/#\/schema\/logo\/image\/","url":"https:\/\/www.mididecorstchinian.com\/wp-content\/uploads\/2025\/08\/Logo-MD2025-Long-Transparent-medium.png","contentUrl":"https:\/\/www.mididecorstchinian.com\/wp-content\/uploads\/2025\/08\/Logo-MD2025-Long-Transparent-medium.png","width":1599,"height":532,"caption":"Midi D\u00e9cor St Chinian"},"image":{"@id":"https:\/\/www.mididecorstchinian.com\/#\/schema\/logo\/image\/"},"sameAs":["https:\/\/www.facebook.com\/mididecorstchinian","https:\/\/www.instagram.com\/mididecor_saintchinian\/"]}]}},"jetpack_sharing_enabled":true,"_links":{"self":[{"href":"https:\/\/www.mididecorstchinian.com\/fr\/wp-json\/wp\/v2\/product\/1465","targetHints":{"allow":["GET"]}}],"collection":[{"href":"https:\/\/www.mididecorstchinian.com\/fr\/wp-json\/wp\/v2\/product"}],"about":[{"href":"https:\/\/www.mididecorstchinian.com\/fr\/wp-json\/wp\/v2\/types\/product"}],"wp:featuredmedia":[{"embeddable":true,"href":"https:\/\/www.mididecorstchinian.com\/fr\/wp-json\/wp\/v2\/media\/1484"}],"wp:attachment":[{"href":"https:\/\/www.mididecorstchinian.com\/fr\/wp-json\/wp\/v2\/media?parent=1465"}],"wp:term":[{"taxonomy":"product_brand","embeddable":true,"href":"https:\/\/www.mididecorstchinian.com\/fr\/wp-json\/wp\/v2\/product_brand?post=1465"},{"taxonomy":"product_cat","embeddable":true,"href":"https:\/\/www.mididecorstchinian.com\/fr\/wp-json\/wp\/v2\/product_cat?post=1465"},{"taxonomy":"product_tag","embeddable":true,"href":"https:\/\/www.mididecorstchinian.com\/fr\/wp-json\/wp\/v2\/product_tag?post=1465"}],"curies":[{"name":"wp","href":"https:\/\/api.w.org\/{rel}","templated":true}]}}