{"id":3392,"date":"2023-06-24T09:00:20","date_gmt":"2023-06-24T07:00:20","guid":{"rendered":"https:\/\/www.mididecorstchinian.com\/?post_type=product&#038;p=3392"},"modified":"2026-04-20T21:31:41","modified_gmt":"2026-04-20T19:31:41","slug":"frenchic-al-fresco-steaming-green","status":"publish","type":"product","link":"https:\/\/www.mididecorstchinian.com\/fr\/produit\/frenchic-al-fresco-steaming-green\/","title":{"rendered":"Frenchic &#8211; Al Fresco &#8211; Steaming Green &#8211; 750ml &#038; 250ml"},"content":{"rendered":"<p>Steaming Green - Un merveilleux, facile \u00e0 vivre, vert profond, b\u00e9ni avec une sensation famili\u00e8re et patrimoniale. Extr\u00eamement facile \u00e0 vivre et polyvalent, ses sous-tons fum\u00e9s et l\u00e9g\u00e8rement aqua s\u2019adaptent bien aux espaces et palettes contemporains et traditionnels.<\/p>\n<p>Al Fresco dans Steaming Green est une peinture \u00e0 la craie ext\u00e9rieure et int\u00e9rieure unique d\u00e9velopp\u00e9e sp\u00e9cifiquement pour les meubles en bois mais qui aime aussi la plupart des surfaces.<\/p>\n<p>Parfait pour harmoniser le jardin, id\u00e9al pour la ma\u00e7onnerie, peindre les portes de garage ainsi que les portes et fen\u00eatres UPVC.<\/p>\n<p>Parfait pour les meubles de jardin en plastique avec ses propri\u00e9t\u00e9s flexibles et conviviales, parfaits pour les cl\u00f4tures, les pots en terre cuite remplis de plantes, les jouets d\u2019ext\u00e9rieur et les cabanes pour animaux sans risque pour les enfants, les animaux ou les plantes.<\/p>\n<h4><strong>Comment se pr\u00e9parer :<\/strong><\/h4>\n<p>Avant d\u2019utiliser Al fresco en Steaming Green, toutes les surfaces doivent \u00eatre propres, s\u00e8ches et exemptes de graisse et autres substances p\u00e9n\u00e9trantes.<\/p>\n<p>Pour les surfaces d\u00e9j\u00e0 peintes, enlever la peinture d\u00e9coll\u00e9e ou \u00e9caill\u00e9e.<\/p>\n<p>Nettoyer avec <a href=\"https:\/\/www.mididecorstchinian.com\/fr\/produit\/frenchic-sugar-soap-500ml\/\">Savon de sucre<\/a>, rincer et laisser s\u00e9cher, sabler l\u00e9g\u00e8rement pour abraser la surface afin de maximiser l\u2019adh\u00e9rence de la peinture.<\/p>\n<h4><strong>Comment appliquer Steaming Green :<\/strong><\/h4>\n<p>Bien m\u00e9langer avant de l'utiliser.<\/p>\n<p>Un minimum de 2 couches requis.<\/p>\n<p>\u00c9vitez de peindre en plein soleil ou lorsque l'air est humide.<\/p>\n<p>Pour les projets ext\u00e9rieurs, la temp\u00e9rature doit \u00eatre sup\u00e9rieure \u00e0 10 degr\u00e9s pendant la nuit et le jour pour \u00e9viter l\u2019accumulation de bulles d\u2019humidit\u00e9 entre les couches.<\/p>\n<p>La couverture varie en fonction de l'\u00e9tat et de la porosit\u00e9 de la surface.<\/p>\n<p>Les pinceaux Cervus sont id\u00e9aux pour tous vos projets de peinture, grands et petits.<br \/>\nAvailable in <a href=\"https:\/\/www.mididecorstchinian.com\/fr\/produit\/cervus-pennelli-brushes-flat-s-k-green-handle\/\">vert plat<\/a>, <a href=\"https:\/\/www.mididecorstchinian.com\/fr\/produit\/cervus-pennelli-brushes-flat-s-ap18-red-handle\/\">rouge plat<\/a>, <a href=\"https:\/\/www.mididecorstchinian.com\/fr\/produit\/cervus-pennelli-oval-paint-brushes-s-169\/\">ovale<\/a> et<a href=\"https:\/\/www.mididecorstchinian.com\/fr\/produit\/cervus-pennelli-brushes-rechampir-s-89-sizes-21-25\/\"> pointue.<\/a><\/p>\n<h4><strong>Temps de s\u00e9chage :<\/strong><\/h4>\n<p>Il sera sec au toucher pendant 2 heures mais traiter doucement pendant quelques jours pour que la peinture durcisse.<\/p>\n<h4><strong>Stockage et nettoyage :<\/strong><\/h4>\n<p>Nettoyer imm\u00e9diatement les \u00e9claboussures de peinture.<\/p>\n<p>Refermer le pot apr\u00e8s utilisation.<\/p>\n<p>\u00c9vitez de stocker votre peinture dans des conditions de gel ou de temp\u00e9rature \u00e9lev\u00e9e.<\/p>\n<p>Nettoyez le pinceau avec de l\u2019eau chaude savonneuse apr\u00e8s utilisation.<\/p>\n<p>Frenchic \u00ae Al Fresco est une peinture \u00e0 base d\u2019eau, \u00e0 tr\u00e8s faible teneur en COV, la craie ext\u00e9rieure et les meubles min\u00e9raux, sp\u00e9cialement d\u00e9velopp\u00e9e pour prot\u00e9ger vos meubles ext\u00e9rieurs tout en transformant votre jardin en un environnement ext\u00e9rieur agr\u00e9able et relaxant.<\/p>\n<p>Conforme \u00e0 la norme EN71:3** signifie qu\u2019il est s\u00fbr d\u2019utiliser sur les jouets pour enfants.<\/p>\n<p>Couverture\u00a0: Un pot de 750 ml couvre environ 7,5 m2 par couche.<\/p>\n<p>La couverture variera selon l\u2019\u00e9tat de la surface.<\/p>\n<p><strong>La m\u00eame couleur est \u00e9galement disponible en :<\/strong><br \/>\nPeinture murale \u00e0 la craie<br \/>\nPeinture de moulure<br \/>\n\u00c9chantillon de peinture Peel and Stick (peler et coller)<\/p>\n<p>Nous sommes disponibles via WhatsApp -<a href=\"https:\/\/wa.me\/33784863599\">\u00a0cliquez ici :\u00a0<\/a><\/p>","protected":false},"excerpt":{"rendered":"<p>Steaming Green - Un merveilleux, facile \u00e0 vivre, vert profond, b\u00e9ni avec une sensation famili\u00e8re et patrimoniale. Extr\u00eamement facile \u00e0 vivre et polyvalent, ses sous-tons fum\u00e9s et l\u00e9g\u00e8rement aqua s\u2019adaptent bien aux espaces et palettes contemporains et traditionnels.<\/p>\n<p><strong>La m\u00eame couleur est \u00e9galement disponible en :<\/strong><br \/>\n<img decoding=\"async\" src=\"https:\/\/cdn.shopify.com\/s\/files\/1\/1421\/4742\/files\/heart_sml_16x16.png?v=1661976903\" \/> <a href=\"https:\/\/www.mididecorstchinian.com\/fr\/produit\/chalk-wall-paint-steaming-green-2-5l\/\">Peinture murale \u00e0 la craie<\/a><br \/>\n<img decoding=\"async\" src=\"https:\/\/cdn.shopify.com\/s\/files\/1\/1421\/4742\/files\/heart_sml_16x16.png?v=1661976903\" \/> <a href=\"https:\/\/www.mididecorstchinian.com\/fr\/produit\/trim-paint-steaming-green-500ml\/\">Peinture de moulure<\/a><br \/>\n<img decoding=\"async\" src=\"https:\/\/cdn.shopify.com\/s\/files\/1\/1421\/4742\/files\/heart_sml_16x16.png?v=1661976903\" \/> <a href=\"https:\/\/www.mididecorstchinian.com\/fr\/produit\/frenchic-peel-and-stick-paint-samples\/\">\u00c9chantillons de peinture Peel and Stick (peler et coller)<\/a><\/p>\n<p>&nbsp;<\/p>","protected":false},"featured_media":3397,"template":"","meta":[],"product_brand":[363],"product_cat":[17],"product_tag":[382,376,381,379,377,384,378,380,383,387,374],"class_list":{"0":"post-3392","1":"product","2":"type-product","3":"status-publish","4":"has-post-thumbnail","6":"product_brand-frenchic-paint","7":"product_cat-al-fresco","8":"product_tag-concrete","9":"product_tag-exterior","10":"product_tag-floor","11":"product_tag-furniture","12":"product_tag-interior","13":"product_tag-mdf","14":"product_tag-metal","15":"product_tag-pvc","16":"product_tag-tiles","17":"product_tag-water-based","18":"product_tag-wood","20":"first","21":"instock","22":"taxable","23":"shipping-taxable","24":"purchasable","25":"product-type-variable"},"yoast_head":"<!-- This site is optimized with the Yoast SEO plugin v27.3 - https:\/\/yoast.com\/product\/yoast-seo-wordpress\/ -->\n<title>Frenchic - Al Fresco - Steaming Green - 750ml &amp; 250ml | Midi D\u00e9cor St Chinian<\/title>\n<meta name=\"description\" content=\"Steaming Green - A wonderful, easy-going, deep green, blessed with a familiar, Heritage feel. Supremely easy-going and versatile.\" \/>\n<meta name=\"robots\" content=\"index, follow, max-snippet:-1, max-image-preview:large, max-video-preview:-1\" \/>\n<link rel=\"canonical\" href=\"https:\/\/www.mididecorstchinian.com\/fr\/produit\/frenchic-al-fresco-steaming-green\/\" \/>\n<meta property=\"og:locale\" content=\"fr_FR\" \/>\n<meta property=\"og:type\" content=\"article\" \/>\n<meta property=\"og:title\" content=\"Frenchic - Al Fresco - Steaming Green - 750ml &amp; 250ml | Midi D\u00e9cor St Chinian\" \/>\n<meta property=\"og:description\" content=\"Steaming Green - A wonderful, easy-going, deep green, blessed with a familiar, Heritage feel. Supremely easy-going and versatile.\" \/>\n<meta property=\"og:url\" content=\"https:\/\/www.mididecorstchinian.com\/fr\/produit\/frenchic-al-fresco-steaming-green\/\" \/>\n<meta property=\"og:site_name\" content=\"Midi D\u00e9cor St Chinian\" \/>\n<meta property=\"article:publisher\" content=\"https:\/\/www.facebook.com\/mididecorstchinian\" \/>\n<meta property=\"article:modified_time\" content=\"2026-04-20T19:31:41+00:00\" \/>\n<meta property=\"og:image\" content=\"https:\/\/www.mididecorstchinian.com\/wp-content\/uploads\/2023\/06\/AF-DS-SteamingGreen.jpg\" \/>\n\t<meta property=\"og:image:width\" content=\"2000\" \/>\n\t<meta property=\"og:image:height\" content=\"2000\" \/>\n\t<meta property=\"og:image:type\" content=\"image\/jpeg\" \/>\n<meta name=\"twitter:card\" content=\"summary_large_image\" \/>\n<meta name=\"twitter:label1\" content=\"Dur\u00e9e de lecture estim\u00e9e\" \/>\n\t<meta name=\"twitter:data1\" content=\"2 minutes\" \/>\n<script type=\"application\/ld+json\" class=\"yoast-schema-graph\">{\"@context\":\"https:\\\/\\\/schema.org\",\"@graph\":[{\"@type\":\"WebPage\",\"@id\":\"https:\\\/\\\/www.mididecorstchinian.com\\\/product\\\/frenchic-al-fresco-steaming-green\\\/\",\"url\":\"https:\\\/\\\/www.mididecorstchinian.com\\\/product\\\/frenchic-al-fresco-steaming-green\\\/\",\"name\":\"Frenchic - Al Fresco - Steaming Green - 750ml & 250ml | Midi D\u00e9cor St Chinian\",\"isPartOf\":{\"@id\":\"https:\\\/\\\/www.mididecorstchinian.com\\\/#website\"},\"primaryImageOfPage\":{\"@id\":\"https:\\\/\\\/www.mididecorstchinian.com\\\/product\\\/frenchic-al-fresco-steaming-green\\\/#primaryimage\"},\"image\":{\"@id\":\"https:\\\/\\\/www.mididecorstchinian.com\\\/product\\\/frenchic-al-fresco-steaming-green\\\/#primaryimage\"},\"thumbnailUrl\":\"https:\\\/\\\/www.mididecorstchinian.com\\\/wp-content\\\/uploads\\\/2023\\\/06\\\/AF-DS-SteamingGreen.jpg\",\"datePublished\":\"2023-06-24T07:00:20+00:00\",\"dateModified\":\"2026-04-20T19:31:41+00:00\",\"description\":\"Steaming Green - A wonderful, easy-going, deep green, blessed with a familiar, Heritage feel. Supremely easy-going and versatile.\",\"breadcrumb\":{\"@id\":\"https:\\\/\\\/www.mididecorstchinian.com\\\/product\\\/frenchic-al-fresco-steaming-green\\\/#breadcrumb\"},\"inLanguage\":\"fr-FR\",\"potentialAction\":[{\"@type\":\"ReadAction\",\"target\":[\"https:\\\/\\\/www.mididecorstchinian.com\\\/product\\\/frenchic-al-fresco-steaming-green\\\/\"]}]},{\"@type\":\"ImageObject\",\"inLanguage\":\"fr-FR\",\"@id\":\"https:\\\/\\\/www.mididecorstchinian.com\\\/product\\\/frenchic-al-fresco-steaming-green\\\/#primaryimage\",\"url\":\"https:\\\/\\\/www.mididecorstchinian.com\\\/wp-content\\\/uploads\\\/2023\\\/06\\\/AF-DS-SteamingGreen.jpg\",\"contentUrl\":\"https:\\\/\\\/www.mididecorstchinian.com\\\/wp-content\\\/uploads\\\/2023\\\/06\\\/AF-DS-SteamingGreen.jpg\",\"width\":2000,\"height\":2000,\"caption\":\"Al Fresco Steaming Green\"},{\"@type\":\"BreadcrumbList\",\"@id\":\"https:\\\/\\\/www.mididecorstchinian.com\\\/product\\\/frenchic-al-fresco-steaming-green\\\/#breadcrumb\",\"itemListElement\":[{\"@type\":\"ListItem\",\"position\":1,\"name\":\"Home\",\"item\":\"https:\\\/\\\/www.mididecorstchinian.com\\\/\"},{\"@type\":\"ListItem\",\"position\":2,\"name\":\"Shop\",\"item\":\"https:\\\/\\\/www.mididecorstchinian.com\\\/shop\\\/\"},{\"@type\":\"ListItem\",\"position\":3,\"name\":\"Frenchic &#8211; Al Fresco &#8211; Steaming Green &#8211; 750ml &#038; 250ml\"}]},{\"@type\":\"WebSite\",\"@id\":\"https:\\\/\\\/www.mididecorstchinian.com\\\/#website\",\"url\":\"https:\\\/\\\/www.mididecorstchinian.com\\\/\",\"name\":\"Midi D\u00e9cor St Chinian\",\"description\":\"Selling Frenchic, Crown &amp; Sandtex paint in France\",\"publisher\":{\"@id\":\"https:\\\/\\\/www.mididecorstchinian.com\\\/#organization\"},\"potentialAction\":[{\"@type\":\"SearchAction\",\"target\":{\"@type\":\"EntryPoint\",\"urlTemplate\":\"https:\\\/\\\/www.mididecorstchinian.com\\\/?s={search_term_string}\"},\"query-input\":{\"@type\":\"PropertyValueSpecification\",\"valueRequired\":true,\"valueName\":\"search_term_string\"}}],\"inLanguage\":\"fr-FR\"},{\"@type\":\"Organization\",\"@id\":\"https:\\\/\\\/www.mididecorstchinian.com\\\/#organization\",\"name\":\"Midi D\u00e9cor St Chinian\",\"url\":\"https:\\\/\\\/www.mididecorstchinian.com\\\/\",\"logo\":{\"@type\":\"ImageObject\",\"inLanguage\":\"fr-FR\",\"@id\":\"https:\\\/\\\/www.mididecorstchinian.com\\\/#\\\/schema\\\/logo\\\/image\\\/\",\"url\":\"https:\\\/\\\/www.mididecorstchinian.com\\\/wp-content\\\/uploads\\\/2025\\\/08\\\/Logo-MD2025-Long-Transparent-medium.png\",\"contentUrl\":\"https:\\\/\\\/www.mididecorstchinian.com\\\/wp-content\\\/uploads\\\/2025\\\/08\\\/Logo-MD2025-Long-Transparent-medium.png\",\"width\":1599,\"height\":532,\"caption\":\"Midi D\u00e9cor St Chinian\"},\"image\":{\"@id\":\"https:\\\/\\\/www.mididecorstchinian.com\\\/#\\\/schema\\\/logo\\\/image\\\/\"},\"sameAs\":[\"https:\\\/\\\/www.facebook.com\\\/mididecorstchinian\",\"https:\\\/\\\/www.instagram.com\\\/mididecor_saintchinian\\\/\"]}]}<\/script>\n<!-- \/ Yoast SEO plugin. -->","yoast_head_json":{"title":"Frenchic - Al Fresco - Steaming Green - 750ml & 250ml | Midi D\u00e9cor St Chinian","description":"Steaming Green - A wonderful, easy-going, deep green, blessed with a familiar, Heritage feel. Supremely easy-going and versatile.","robots":{"index":"index","follow":"follow","max-snippet":"max-snippet:-1","max-image-preview":"max-image-preview:large","max-video-preview":"max-video-preview:-1"},"canonical":"https:\/\/www.mididecorstchinian.com\/fr\/produit\/frenchic-al-fresco-steaming-green\/","og_locale":"fr_FR","og_type":"article","og_title":"Frenchic - Al Fresco - Steaming Green - 750ml & 250ml | Midi D\u00e9cor St Chinian","og_description":"Steaming Green - A wonderful, easy-going, deep green, blessed with a familiar, Heritage feel. Supremely easy-going and versatile.","og_url":"https:\/\/www.mididecorstchinian.com\/fr\/produit\/frenchic-al-fresco-steaming-green\/","og_site_name":"Midi D\u00e9cor St Chinian","article_publisher":"https:\/\/www.facebook.com\/mididecorstchinian","article_modified_time":"2026-04-20T19:31:41+00:00","og_image":[{"width":2000,"height":2000,"url":"https:\/\/www.mididecorstchinian.com\/wp-content\/uploads\/2023\/06\/AF-DS-SteamingGreen.jpg","type":"image\/jpeg"}],"twitter_card":"summary_large_image","twitter_misc":{"Dur\u00e9e de lecture estim\u00e9e":"2 minutes"},"schema":{"@context":"https:\/\/schema.org","@graph":[{"@type":"WebPage","@id":"https:\/\/www.mididecorstchinian.com\/product\/frenchic-al-fresco-steaming-green\/","url":"https:\/\/www.mididecorstchinian.com\/product\/frenchic-al-fresco-steaming-green\/","name":"Frenchic - Al Fresco - Steaming Green - 750ml & 250ml | Midi D\u00e9cor St Chinian","isPartOf":{"@id":"https:\/\/www.mididecorstchinian.com\/#website"},"primaryImageOfPage":{"@id":"https:\/\/www.mididecorstchinian.com\/product\/frenchic-al-fresco-steaming-green\/#primaryimage"},"image":{"@id":"https:\/\/www.mididecorstchinian.com\/product\/frenchic-al-fresco-steaming-green\/#primaryimage"},"thumbnailUrl":"https:\/\/www.mididecorstchinian.com\/wp-content\/uploads\/2023\/06\/AF-DS-SteamingGreen.jpg","datePublished":"2023-06-24T07:00:20+00:00","dateModified":"2026-04-20T19:31:41+00:00","description":"Steaming Green - A wonderful, easy-going, deep green, blessed with a familiar, Heritage feel. Supremely easy-going and versatile.","breadcrumb":{"@id":"https:\/\/www.mididecorstchinian.com\/product\/frenchic-al-fresco-steaming-green\/#breadcrumb"},"inLanguage":"fr-FR","potentialAction":[{"@type":"ReadAction","target":["https:\/\/www.mididecorstchinian.com\/product\/frenchic-al-fresco-steaming-green\/"]}]},{"@type":"ImageObject","inLanguage":"fr-FR","@id":"https:\/\/www.mididecorstchinian.com\/product\/frenchic-al-fresco-steaming-green\/#primaryimage","url":"https:\/\/www.mididecorstchinian.com\/wp-content\/uploads\/2023\/06\/AF-DS-SteamingGreen.jpg","contentUrl":"https:\/\/www.mididecorstchinian.com\/wp-content\/uploads\/2023\/06\/AF-DS-SteamingGreen.jpg","width":2000,"height":2000,"caption":"Al Fresco Steaming Green"},{"@type":"BreadcrumbList","@id":"https:\/\/www.mididecorstchinian.com\/product\/frenchic-al-fresco-steaming-green\/#breadcrumb","itemListElement":[{"@type":"ListItem","position":1,"name":"Home","item":"https:\/\/www.mididecorstchinian.com\/"},{"@type":"ListItem","position":2,"name":"Shop","item":"https:\/\/www.mididecorstchinian.com\/shop\/"},{"@type":"ListItem","position":3,"name":"Frenchic &#8211; Al Fresco &#8211; Steaming Green &#8211; 750ml &#038; 250ml"}]},{"@type":"WebSite","@id":"https:\/\/www.mididecorstchinian.com\/#website","url":"https:\/\/www.mididecorstchinian.com\/","name":"Midi D\u00e9cor St Chinian","description":"Selling Frenchic, Crown &amp; Sandtex paint in France","publisher":{"@id":"https:\/\/www.mididecorstchinian.com\/#organization"},"potentialAction":[{"@type":"SearchAction","target":{"@type":"EntryPoint","urlTemplate":"https:\/\/www.mididecorstchinian.com\/?s={search_term_string}"},"query-input":{"@type":"PropertyValueSpecification","valueRequired":true,"valueName":"search_term_string"}}],"inLanguage":"fr-FR"},{"@type":"Organization","@id":"https:\/\/www.mididecorstchinian.com\/#organization","name":"Midi D\u00e9cor St Chinian","url":"https:\/\/www.mididecorstchinian.com\/","logo":{"@type":"ImageObject","inLanguage":"fr-FR","@id":"https:\/\/www.mididecorstchinian.com\/#\/schema\/logo\/image\/","url":"https:\/\/www.mididecorstchinian.com\/wp-content\/uploads\/2025\/08\/Logo-MD2025-Long-Transparent-medium.png","contentUrl":"https:\/\/www.mididecorstchinian.com\/wp-content\/uploads\/2025\/08\/Logo-MD2025-Long-Transparent-medium.png","width":1599,"height":532,"caption":"Midi D\u00e9cor St Chinian"},"image":{"@id":"https:\/\/www.mididecorstchinian.com\/#\/schema\/logo\/image\/"},"sameAs":["https:\/\/www.facebook.com\/mididecorstchinian","https:\/\/www.instagram.com\/mididecor_saintchinian\/"]}]}},"jetpack_sharing_enabled":true,"_links":{"self":[{"href":"https:\/\/www.mididecorstchinian.com\/fr\/wp-json\/wp\/v2\/product\/3392","targetHints":{"allow":["GET"]}}],"collection":[{"href":"https:\/\/www.mididecorstchinian.com\/fr\/wp-json\/wp\/v2\/product"}],"about":[{"href":"https:\/\/www.mididecorstchinian.com\/fr\/wp-json\/wp\/v2\/types\/product"}],"wp:featuredmedia":[{"embeddable":true,"href":"https:\/\/www.mididecorstchinian.com\/fr\/wp-json\/wp\/v2\/media\/3397"}],"wp:attachment":[{"href":"https:\/\/www.mididecorstchinian.com\/fr\/wp-json\/wp\/v2\/media?parent=3392"}],"wp:term":[{"taxonomy":"product_brand","embeddable":true,"href":"https:\/\/www.mididecorstchinian.com\/fr\/wp-json\/wp\/v2\/product_brand?post=3392"},{"taxonomy":"product_cat","embeddable":true,"href":"https:\/\/www.mididecorstchinian.com\/fr\/wp-json\/wp\/v2\/product_cat?post=3392"},{"taxonomy":"product_tag","embeddable":true,"href":"https:\/\/www.mididecorstchinian.com\/fr\/wp-json\/wp\/v2\/product_tag?post=3392"}],"curies":[{"name":"wp","href":"https:\/\/api.w.org\/{rel}","templated":true}]}}