{"id":357,"date":"2021-12-08T19:00:20","date_gmt":"2021-12-08T19:00:20","guid":{"rendered":"https:\/\/www.mididecorstchinian.com\/?post_type=product&#038;p=357"},"modified":"2026-02-20T09:48:33","modified_gmt":"2026-02-20T08:48:33","slug":"frenchic-lazy-range-plum-pudding","status":"publish","type":"product","link":"https:\/\/www.mididecorstchinian.com\/fr\/produit\/frenchic-lazy-range-plum-pudding\/","title":{"rendered":"Frenchic &#8211; Lazy Range &#8211; Plum Pudding 750ml &#038; 250ml"},"content":{"rendered":"<p>Plum Pudding - Penchent pour une pop audacieuse de violet savoureux avec des nuances rouges riches et juteuses. S\u00fbr de capter l\u2019attention que ce soit compl\u00e9t\u00e9 par des tons clairs ou associ\u00e9 \u00e0 des tons bijoux.<\/p>\n<p>La Lazy Range est fabuleuse pour transformer les meubles en bois.<\/p>\n<p>La Lazy Range est \u00e0 base d\u2019eau, auto-amor\u00e7ante, auto-scellante, autonivelante, peinture facile \u00e0 utiliser avec une sans COV ajout\u00e9s.<\/p>\n<p>Il fonctionne bien avec de nombreuses surfaces, y compris le bois, le stratifi\u00e9 et le m\u00e9tal.<\/p>\n<p>Son infusion de cire unique donne une finition douce et peu brillante.<\/p>\n<p>Conforme \u00e0 la norme EN71:3** signifie qu\u2019il est s\u00fbr d\u2019utiliser sur les jouets pour enfants.<\/p>\n<h4><strong>Comment se pr\u00e9parer :<\/strong><\/h4>\n<p>Les surfaces doivent \u00eatre propres, s\u00e8ches et exemptes de graisse et d\u2019autres substances p\u00e9n\u00e9trantes.<\/p>\n<p>Pour les surfaces d\u00e9j\u00e0 peintes, enlever la peinture d\u00e9coll\u00e9e ou \u00e9caill\u00e9e.<\/p>\n<p>Nettoyer avec <a href=\"https:\/\/www.mididecorstchinian.com\/fr\/produit\/frenchic-sugar-soap-500ml\/\">Savon de sucre<\/a>, rincer et laisser s\u00e9cher, sabler l\u00e9g\u00e8rement pour abraser la surface afin de maximiser l\u2019adh\u00e9rence de la peinture.<\/p>\n<h4><strong>Comment appliquer Lazy Range en Plum Pudding :<\/strong><\/h4>\n<p>Toujours remuer bien avant utilisation.<\/p>\n<p>Un minimum de 2 couches peut \u00eatre requis.<\/p>\n<p>N\u2019oubliez pas d\u2019\u00e9viter de peindre en plein soleil ou lorsqu\u2019il y a de l\u2019humidit\u00e9 dans l\u2019air car cela peut affecter la finition.<\/p>\n<p>Couverture :<\/p>\n<p>Un pot de 750 ml couvre environ 7,5 m2 par couche.<\/p>\n<p>La couverture varie en fonction de l'\u00e9tat et de la porosit\u00e9 de la surface.<\/p>\n<p>Lors de la peinture d\u2019une couleur contrastante sur la surface, des couches suppl\u00e9mentaires peuvent \u00eatre n\u00e9cessaires pour obtenir l\u2019effet visuel complet dont vous avez besoin.<\/p>\n<p>Les pinceaux Cervus sont id\u00e9aux pour tous vos projets de peinture, grands et petits.<br \/>\nAvailable in <a href=\"https:\/\/www.mididecorstchinian.com\/fr\/produit\/cervus-pennelli-brushes-flat-s-k-green-handle\/\">vert plat<\/a>, <a href=\"https:\/\/www.mididecorstchinian.com\/fr\/produit\/cervus-pennelli-brushes-flat-s-ap18-red-handle\/\">rouge plat<\/a>, <a href=\"https:\/\/www.mididecorstchinian.com\/fr\/produit\/cervus-pennelli-oval-paint-brushes-s-169\/\">ovale<\/a> et<a href=\"https:\/\/www.mididecorstchinian.com\/fr\/produit\/cervus-pennelli-brushes-rechampir-s-89-sizes-21-25\/\"> pointue.<\/a><\/p>\n<p><strong>Temps de s\u00e9chage :<\/strong><\/p>\n<p>Toucher s\u00e9cher 1 heure<\/p>\n<h4><strong>Stockage et nettoyage :<\/strong><\/h4>\n<p>Nettoyer imm\u00e9diatement les \u00e9claboussures de peinture.<\/p>\n<p>Refermer le pot apr\u00e8s utilisation.<\/p>\n<p>\u00c9vitez de stocker votre peinture dans des conditions de gel ou de temp\u00e9rature \u00e9lev\u00e9e.<\/p>\n<p>Nettoyez le pinceau avec de l\u2019eau chaude et savonneuse.<\/p>\n<p>Ingr\u00e9dients :<\/p>\n<p>Craie, argile, dioxyde de titane, r\u00e9sine, pr\u00e9servateur de talc, cire.<\/p>\n<p>Certifi\u00e9 sans danger pour les jouets selon EN71-3:2013+A3:2019<\/p>\n<p><a href=\"https:\/\/www.facebook.com\/frenchicfrance\/photos\/?ref=page_internal\">https:\/\/www.facebook.com\/frenchicfrance\/photos\/?ref=page_internal<\/a><\/p>\n<p><strong>La m\u00eame couleur est \u00e9galement disponible en :<\/strong><br \/>\nPeinture murale \u00e0 la craie<br \/>\nPeinture de moulure<br \/>\n\u00c9chantillon de peinture Peel and Stick (peler et coller)<\/p>\n<p>Nous sommes disponibles via WhatsApp -<a href=\"https:\/\/wa.me\/33784863599\">\u00a0cliquez ici :\u00a0<\/a><\/p>","protected":false},"excerpt":{"rendered":"<p>Plum Pudding - Penchent pour une pop audacieuse de violet savoureux avec des nuances rouges riches et juteuses. S\u00fbr de capter l\u2019attention que ce soit compl\u00e9t\u00e9 par des tons clairs ou associ\u00e9 \u00e0 des tons bijoux.<\/p>\n<p><strong>La m\u00eame couleur est \u00e9galement disponible en :<\/strong><br \/>\n<img decoding=\"async\" src=\"https:\/\/cdn.shopify.com\/s\/files\/1\/1421\/4742\/files\/heart_sml_16x16.png?v=1661976903\" \/><a href=\"https:\/\/www.mididecorstchinian.com\/fr\/produit\/chalk-wall-paint-plum-pudding-2-5l\/\"> Peinture murale \u00e0 la craie<\/a><br \/>\n<img decoding=\"async\" src=\"https:\/\/cdn.shopify.com\/s\/files\/1\/1421\/4742\/files\/heart_sml_16x16.png?v=1661976903\" \/> <a href=\"https:\/\/www.mididecorstchinian.com\/fr\/produit\/trim-paint-plum-pudding-500ml\/\">Peinture de moulure<\/a><br \/>\n<img decoding=\"async\" src=\"https:\/\/cdn.shopify.com\/s\/files\/1\/1421\/4742\/files\/heart_sml_16x16.png?v=1661976903\" \/><a href=\"https:\/\/www.mididecorstchinian.com\/fr\/produit\/frenchic-peel-and-stick-paint-samples\/\"> \u00c9chantillon de peinture Peel and Stick (peler et coller)<\/a><\/p>","protected":false},"featured_media":792,"template":"","meta":[],"product_brand":[363],"product_cat":[113],"product_tag":[379,377,384,378,380,383,387,374],"class_list":{"0":"post-357","1":"product","2":"type-product","3":"status-publish","4":"has-post-thumbnail","6":"product_brand-frenchic-paint","7":"product_cat-lazy-range","8":"product_tag-furniture","9":"product_tag-interior","10":"product_tag-mdf","11":"product_tag-metal","12":"product_tag-pvc","13":"product_tag-tiles","14":"product_tag-water-based","15":"product_tag-wood","17":"first","18":"instock","19":"taxable","20":"shipping-taxable","21":"purchasable","22":"product-type-variable"},"yoast_head":"<!-- This site is optimized with the Yoast SEO plugin v27.3 - https:\/\/yoast.com\/product\/yoast-seo-wordpress\/ -->\n<title>Frenchic - Lazy Range - Plum Pudding 750ml &amp; 250ml | Midi D\u00e9cor St Chinian<\/title>\n<meta name=\"description\" content=\"Plum Pudding - Plump for a daring pop of tasty purple with rich, juicy red undertones. Sure to command attention in any room.\" \/>\n<meta name=\"robots\" content=\"index, follow, max-snippet:-1, max-image-preview:large, max-video-preview:-1\" \/>\n<link rel=\"canonical\" href=\"https:\/\/www.mididecorstchinian.com\/fr\/produit\/frenchic-lazy-range-plum-pudding\/\" \/>\n<meta property=\"og:locale\" content=\"fr_FR\" \/>\n<meta property=\"og:type\" content=\"article\" \/>\n<meta property=\"og:title\" content=\"Frenchic - Lazy Range - Plum Pudding 750ml &amp; 250ml | Midi D\u00e9cor St Chinian\" \/>\n<meta property=\"og:description\" content=\"Plum Pudding - Plump for a daring pop of tasty purple with rich, juicy red undertones. Sure to command attention in any room.\" \/>\n<meta property=\"og:url\" content=\"https:\/\/www.mididecorstchinian.com\/fr\/produit\/frenchic-lazy-range-plum-pudding\/\" \/>\n<meta property=\"og:site_name\" content=\"Midi D\u00e9cor St Chinian\" \/>\n<meta property=\"article:publisher\" content=\"https:\/\/www.facebook.com\/mididecorstchinian\" \/>\n<meta property=\"article:modified_time\" content=\"2026-02-20T08:48:33+00:00\" \/>\n<meta property=\"og:image\" content=\"https:\/\/www.mididecorstchinian.com\/wp-content\/uploads\/2021\/12\/FR-LR-DS-Plum-Pudding.jpg\" \/>\n\t<meta property=\"og:image:width\" content=\"600\" \/>\n\t<meta property=\"og:image:height\" content=\"600\" \/>\n\t<meta property=\"og:image:type\" content=\"image\/jpeg\" \/>\n<meta name=\"twitter:card\" content=\"summary_large_image\" \/>\n<meta name=\"twitter:label1\" content=\"Dur\u00e9e de lecture estim\u00e9e\" \/>\n\t<meta name=\"twitter:data1\" content=\"2 minutes\" \/>\n<script type=\"application\/ld+json\" class=\"yoast-schema-graph\">{\"@context\":\"https:\\\/\\\/schema.org\",\"@graph\":[{\"@type\":\"WebPage\",\"@id\":\"https:\\\/\\\/www.mididecorstchinian.com\\\/product\\\/frenchic-lazy-range-plum-pudding\\\/\",\"url\":\"https:\\\/\\\/www.mididecorstchinian.com\\\/product\\\/frenchic-lazy-range-plum-pudding\\\/\",\"name\":\"Frenchic - Lazy Range - Plum Pudding 750ml & 250ml | Midi D\u00e9cor St Chinian\",\"isPartOf\":{\"@id\":\"https:\\\/\\\/www.mididecorstchinian.com\\\/#website\"},\"primaryImageOfPage\":{\"@id\":\"https:\\\/\\\/www.mididecorstchinian.com\\\/product\\\/frenchic-lazy-range-plum-pudding\\\/#primaryimage\"},\"image\":{\"@id\":\"https:\\\/\\\/www.mididecorstchinian.com\\\/product\\\/frenchic-lazy-range-plum-pudding\\\/#primaryimage\"},\"thumbnailUrl\":\"https:\\\/\\\/www.mididecorstchinian.com\\\/wp-content\\\/uploads\\\/2021\\\/12\\\/FR-LR-DS-Plum-Pudding.jpg\",\"datePublished\":\"2021-12-08T19:00:20+00:00\",\"dateModified\":\"2026-02-20T08:48:33+00:00\",\"description\":\"Plum Pudding - Plump for a daring pop of tasty purple with rich, juicy red undertones. Sure to command attention in any room.\",\"breadcrumb\":{\"@id\":\"https:\\\/\\\/www.mididecorstchinian.com\\\/product\\\/frenchic-lazy-range-plum-pudding\\\/#breadcrumb\"},\"inLanguage\":\"fr-FR\",\"potentialAction\":[{\"@type\":\"ReadAction\",\"target\":[\"https:\\\/\\\/www.mididecorstchinian.com\\\/product\\\/frenchic-lazy-range-plum-pudding\\\/\"]}]},{\"@type\":\"ImageObject\",\"inLanguage\":\"fr-FR\",\"@id\":\"https:\\\/\\\/www.mididecorstchinian.com\\\/product\\\/frenchic-lazy-range-plum-pudding\\\/#primaryimage\",\"url\":\"https:\\\/\\\/www.mididecorstchinian.com\\\/wp-content\\\/uploads\\\/2021\\\/12\\\/FR-LR-DS-Plum-Pudding.jpg\",\"contentUrl\":\"https:\\\/\\\/www.mididecorstchinian.com\\\/wp-content\\\/uploads\\\/2021\\\/12\\\/FR-LR-DS-Plum-Pudding.jpg\",\"width\":600,\"height\":600,\"caption\":\"Lazy range - Plum Pudding\"},{\"@type\":\"BreadcrumbList\",\"@id\":\"https:\\\/\\\/www.mididecorstchinian.com\\\/product\\\/frenchic-lazy-range-plum-pudding\\\/#breadcrumb\",\"itemListElement\":[{\"@type\":\"ListItem\",\"position\":1,\"name\":\"Home\",\"item\":\"https:\\\/\\\/www.mididecorstchinian.com\\\/\"},{\"@type\":\"ListItem\",\"position\":2,\"name\":\"Shop\",\"item\":\"https:\\\/\\\/www.mididecorstchinian.com\\\/shop\\\/\"},{\"@type\":\"ListItem\",\"position\":3,\"name\":\"Frenchic &#8211; Lazy Range &#8211; Plum Pudding 750ml &#038; 250ml\"}]},{\"@type\":\"WebSite\",\"@id\":\"https:\\\/\\\/www.mididecorstchinian.com\\\/#website\",\"url\":\"https:\\\/\\\/www.mididecorstchinian.com\\\/\",\"name\":\"Midi D\u00e9cor St Chinian\",\"description\":\"Selling Frenchic, Crown &amp; Sandtex paint in France\",\"publisher\":{\"@id\":\"https:\\\/\\\/www.mididecorstchinian.com\\\/#organization\"},\"potentialAction\":[{\"@type\":\"SearchAction\",\"target\":{\"@type\":\"EntryPoint\",\"urlTemplate\":\"https:\\\/\\\/www.mididecorstchinian.com\\\/?s={search_term_string}\"},\"query-input\":{\"@type\":\"PropertyValueSpecification\",\"valueRequired\":true,\"valueName\":\"search_term_string\"}}],\"inLanguage\":\"fr-FR\"},{\"@type\":\"Organization\",\"@id\":\"https:\\\/\\\/www.mididecorstchinian.com\\\/#organization\",\"name\":\"Midi D\u00e9cor St Chinian\",\"url\":\"https:\\\/\\\/www.mididecorstchinian.com\\\/\",\"logo\":{\"@type\":\"ImageObject\",\"inLanguage\":\"fr-FR\",\"@id\":\"https:\\\/\\\/www.mididecorstchinian.com\\\/#\\\/schema\\\/logo\\\/image\\\/\",\"url\":\"https:\\\/\\\/www.mididecorstchinian.com\\\/wp-content\\\/uploads\\\/2025\\\/08\\\/Logo-MD2025-Long-Transparent-medium.png\",\"contentUrl\":\"https:\\\/\\\/www.mididecorstchinian.com\\\/wp-content\\\/uploads\\\/2025\\\/08\\\/Logo-MD2025-Long-Transparent-medium.png\",\"width\":1599,\"height\":532,\"caption\":\"Midi D\u00e9cor St Chinian\"},\"image\":{\"@id\":\"https:\\\/\\\/www.mididecorstchinian.com\\\/#\\\/schema\\\/logo\\\/image\\\/\"},\"sameAs\":[\"https:\\\/\\\/www.facebook.com\\\/mididecorstchinian\",\"https:\\\/\\\/www.instagram.com\\\/mididecor_saintchinian\\\/\"]}]}<\/script>\n<!-- \/ Yoast SEO plugin. -->","yoast_head_json":{"title":"Frenchic - Lazy Range - Plum Pudding 750ml & 250ml | Midi D\u00e9cor St Chinian","description":"Plum Pudding - Plump for a daring pop of tasty purple with rich, juicy red undertones. Sure to command attention in any room.","robots":{"index":"index","follow":"follow","max-snippet":"max-snippet:-1","max-image-preview":"max-image-preview:large","max-video-preview":"max-video-preview:-1"},"canonical":"https:\/\/www.mididecorstchinian.com\/fr\/produit\/frenchic-lazy-range-plum-pudding\/","og_locale":"fr_FR","og_type":"article","og_title":"Frenchic - Lazy Range - Plum Pudding 750ml & 250ml | Midi D\u00e9cor St Chinian","og_description":"Plum Pudding - Plump for a daring pop of tasty purple with rich, juicy red undertones. Sure to command attention in any room.","og_url":"https:\/\/www.mididecorstchinian.com\/fr\/produit\/frenchic-lazy-range-plum-pudding\/","og_site_name":"Midi D\u00e9cor St Chinian","article_publisher":"https:\/\/www.facebook.com\/mididecorstchinian","article_modified_time":"2026-02-20T08:48:33+00:00","og_image":[{"width":600,"height":600,"url":"https:\/\/www.mididecorstchinian.com\/wp-content\/uploads\/2021\/12\/FR-LR-DS-Plum-Pudding.jpg","type":"image\/jpeg"}],"twitter_card":"summary_large_image","twitter_misc":{"Dur\u00e9e de lecture estim\u00e9e":"2 minutes"},"schema":{"@context":"https:\/\/schema.org","@graph":[{"@type":"WebPage","@id":"https:\/\/www.mididecorstchinian.com\/product\/frenchic-lazy-range-plum-pudding\/","url":"https:\/\/www.mididecorstchinian.com\/product\/frenchic-lazy-range-plum-pudding\/","name":"Frenchic - Lazy Range - Plum Pudding 750ml & 250ml | Midi D\u00e9cor St Chinian","isPartOf":{"@id":"https:\/\/www.mididecorstchinian.com\/#website"},"primaryImageOfPage":{"@id":"https:\/\/www.mididecorstchinian.com\/product\/frenchic-lazy-range-plum-pudding\/#primaryimage"},"image":{"@id":"https:\/\/www.mididecorstchinian.com\/product\/frenchic-lazy-range-plum-pudding\/#primaryimage"},"thumbnailUrl":"https:\/\/www.mididecorstchinian.com\/wp-content\/uploads\/2021\/12\/FR-LR-DS-Plum-Pudding.jpg","datePublished":"2021-12-08T19:00:20+00:00","dateModified":"2026-02-20T08:48:33+00:00","description":"Plum Pudding - Plump for a daring pop of tasty purple with rich, juicy red undertones. Sure to command attention in any room.","breadcrumb":{"@id":"https:\/\/www.mididecorstchinian.com\/product\/frenchic-lazy-range-plum-pudding\/#breadcrumb"},"inLanguage":"fr-FR","potentialAction":[{"@type":"ReadAction","target":["https:\/\/www.mididecorstchinian.com\/product\/frenchic-lazy-range-plum-pudding\/"]}]},{"@type":"ImageObject","inLanguage":"fr-FR","@id":"https:\/\/www.mididecorstchinian.com\/product\/frenchic-lazy-range-plum-pudding\/#primaryimage","url":"https:\/\/www.mididecorstchinian.com\/wp-content\/uploads\/2021\/12\/FR-LR-DS-Plum-Pudding.jpg","contentUrl":"https:\/\/www.mididecorstchinian.com\/wp-content\/uploads\/2021\/12\/FR-LR-DS-Plum-Pudding.jpg","width":600,"height":600,"caption":"Lazy range - Plum Pudding"},{"@type":"BreadcrumbList","@id":"https:\/\/www.mididecorstchinian.com\/product\/frenchic-lazy-range-plum-pudding\/#breadcrumb","itemListElement":[{"@type":"ListItem","position":1,"name":"Home","item":"https:\/\/www.mididecorstchinian.com\/"},{"@type":"ListItem","position":2,"name":"Shop","item":"https:\/\/www.mididecorstchinian.com\/shop\/"},{"@type":"ListItem","position":3,"name":"Frenchic &#8211; Lazy Range &#8211; Plum Pudding 750ml &#038; 250ml"}]},{"@type":"WebSite","@id":"https:\/\/www.mididecorstchinian.com\/#website","url":"https:\/\/www.mididecorstchinian.com\/","name":"Midi D\u00e9cor St Chinian","description":"Selling Frenchic, Crown &amp; Sandtex paint in France","publisher":{"@id":"https:\/\/www.mididecorstchinian.com\/#organization"},"potentialAction":[{"@type":"SearchAction","target":{"@type":"EntryPoint","urlTemplate":"https:\/\/www.mididecorstchinian.com\/?s={search_term_string}"},"query-input":{"@type":"PropertyValueSpecification","valueRequired":true,"valueName":"search_term_string"}}],"inLanguage":"fr-FR"},{"@type":"Organization","@id":"https:\/\/www.mididecorstchinian.com\/#organization","name":"Midi D\u00e9cor St Chinian","url":"https:\/\/www.mididecorstchinian.com\/","logo":{"@type":"ImageObject","inLanguage":"fr-FR","@id":"https:\/\/www.mididecorstchinian.com\/#\/schema\/logo\/image\/","url":"https:\/\/www.mididecorstchinian.com\/wp-content\/uploads\/2025\/08\/Logo-MD2025-Long-Transparent-medium.png","contentUrl":"https:\/\/www.mididecorstchinian.com\/wp-content\/uploads\/2025\/08\/Logo-MD2025-Long-Transparent-medium.png","width":1599,"height":532,"caption":"Midi D\u00e9cor St Chinian"},"image":{"@id":"https:\/\/www.mididecorstchinian.com\/#\/schema\/logo\/image\/"},"sameAs":["https:\/\/www.facebook.com\/mididecorstchinian","https:\/\/www.instagram.com\/mididecor_saintchinian\/"]}]}},"jetpack_sharing_enabled":true,"_links":{"self":[{"href":"https:\/\/www.mididecorstchinian.com\/fr\/wp-json\/wp\/v2\/product\/357","targetHints":{"allow":["GET"]}}],"collection":[{"href":"https:\/\/www.mididecorstchinian.com\/fr\/wp-json\/wp\/v2\/product"}],"about":[{"href":"https:\/\/www.mididecorstchinian.com\/fr\/wp-json\/wp\/v2\/types\/product"}],"wp:featuredmedia":[{"embeddable":true,"href":"https:\/\/www.mididecorstchinian.com\/fr\/wp-json\/wp\/v2\/media\/792"}],"wp:attachment":[{"href":"https:\/\/www.mididecorstchinian.com\/fr\/wp-json\/wp\/v2\/media?parent=357"}],"wp:term":[{"taxonomy":"product_brand","embeddable":true,"href":"https:\/\/www.mididecorstchinian.com\/fr\/wp-json\/wp\/v2\/product_brand?post=357"},{"taxonomy":"product_cat","embeddable":true,"href":"https:\/\/www.mididecorstchinian.com\/fr\/wp-json\/wp\/v2\/product_cat?post=357"},{"taxonomy":"product_tag","embeddable":true,"href":"https:\/\/www.mididecorstchinian.com\/fr\/wp-json\/wp\/v2\/product_tag?post=357"}],"curies":[{"name":"wp","href":"https:\/\/api.w.org\/{rel}","templated":true}]}}