{"id":3994,"date":"2024-02-27T10:53:27","date_gmt":"2024-02-27T09:53:27","guid":{"rendered":"https:\/\/www.mididecorstchinian.com\/?post_type=product&#038;p=3994"},"modified":"2026-02-24T10:06:02","modified_gmt":"2026-02-24T09:06:02","slug":"chalk-wall-paint-after-midnight-2-5l","status":"publish","type":"product","link":"https:\/\/www.mididecorstchinian.com\/fr\/produit\/chalk-wall-paint-after-midnight-2-5l\/","title":{"rendered":"Frenchic \u2013 Peinture murale \u00e0 la craie \u2013 After Midnight \u2013 2.5L"},"content":{"rendered":"<p>Chalk Wall Paint (Peinture murale \u00e0 la craie) - After Midnight - Un bleu fonc\u00e9 profond et velout\u00e9 avec des tons sarcelles distinctifs. Pensez aux profondeurs ombrag\u00e9es d\u2019une \u00eele lagon. Compl\u00e8tement adaptable, fort et dramatique dans n\u2019importe quel cadre et une toile de fond parfaite pour des tons neutres ou de bijou. Fabulous s\u2019est associ\u00e9 \u00e0 des vibes de teck du milieu du si\u00e8cle ou de Scandi cool si c\u2019est votre truc.<\/p>\n<p>La gamme Chalk Wall Paint est luxueuse, pratique et totalement r\u00e9curable.<\/p>\n<p>Ultra-mat et velout\u00e9 avec une couverture vraiment excellente, ce produit r\u00e9volutionnaire am\u00e9liorera n\u2019importe quelle pi\u00e8ce qu\u2019il orne.<\/p>\n<p>Appliqu\u00e9 en seulement 1-2 couches, il est respirant, durable et n\u2019a pratiquement aucune odeur. Avec une teneur minimale en COV, il a obtenu la certification ISO11998 Classe 1 Wet Scrub, ainsi que les certifications UKCA et EN 71-3.<\/p>\n<p>Cela signifie qu\u2019il est id\u00e9al pour peindre les cr\u00e8ches et toutes autres pi\u00e8ces int\u00e9rieures \u2013 voir la Trim Paint (peinture de moulure) satin\u00e9e douce assortie pour les plinthes et les boiseries.<\/p>\n<p>Mais ce n\u2019est pas seulement pour les murs !<\/p>\n<p>Il est \u00e9galement id\u00e9al pour d\u2019autres surfaces int\u00e9rieures comme les carreaux en c\u00e9ramique, les meubles et les sols en bois ou en b\u00e9ton !<\/p>\n<h4><strong>Comment se pr\u00e9parer :<\/strong><\/h4>\n<p>Avant d\u2019utiliser Chalk Wall Paint en After Midnight, les surfaces doivent \u00eatre propres, s\u00e8ches et exemptes de graisse et d\u2019autres substances p\u00e9n\u00e9trantes.<\/p>\n<p>Pour les surfaces d\u00e9j\u00e0 peintes, enlever la peinture d\u00e9coll\u00e9e ou \u00e9caill\u00e9e.<\/p>\n<p>Nettoyer avec <a href=\"https:\/\/www.mididecorstchinian.com\/fr\/produit\/frenchic-sugar-soap-500ml\/\">Savon de sucre<\/a>, rincer et laisser s\u00e9cher, sabler l\u00e9g\u00e8rement pour abraser la surface afin de maximiser l\u2019adh\u00e9rence de la peinture.<\/p>\n<h4><strong>Comment appliquer After Midnight\u00a0:<\/strong><\/h4>\n<p>Bien m\u00e9langer avant de l'utiliser.<\/p>\n<p>Un minimum de 2 couches requis.<\/p>\n<p>\u00c9vitez de peindre en plein soleil ou lorsque l'air est humide.<\/p>\n<p>La couverture varie en fonction de l'\u00e9tat et de la porosit\u00e9 de la surface.<\/p>\n<p>Les pinceaux Cervus sont id\u00e9aux pour tous vos projets de peinture, qu'ils soient petits ou grands.<br \/>\nIls sont disponibles en <a href=\"https:\/\/www.mididecorstchinian.com\/fr\/produit\/cervus-pennelli-brushes-flat-s-k-green-handle\/\">vert plat<\/a>, <a href=\"https:\/\/www.mididecorstchinian.com\/fr\/produit\/cervus-pennelli-brushes-flat-s-ap18-red-handle\/\">rouge plat<\/a>, <a href=\"https:\/\/www.mididecorstchinian.com\/fr\/produit\/cervus-pennelli-oval-paint-brushes-s-169\/\">ovale<\/a> et<a href=\"https:\/\/www.mididecorstchinian.com\/fr\/produit\/cervus-pennelli-brushes-rechampir-s-89-sizes-21-25\/\"> pointue.<\/a><\/p>\n<h4><strong>Temps de s\u00e9chage :<\/strong><\/h4>\n<p>Ce sera sec au toucher pendant 1 heure.<\/p>\n<h4><strong>Stockage et nettoyage :<\/strong><\/h4>\n<p>Nettoyer imm\u00e9diatement les \u00e9claboussures de peinture.<\/p>\n<p>Refermer le pot apr\u00e8s utilisation.<\/p>\n<p>\u00c9vitez de stocker votre peinture dans des conditions de gel ou de temp\u00e9rature \u00e9lev\u00e9e.<\/p>\n<p>Nettoyez le pinceau avec de l\u2019eau chaude savonneuse apr\u00e8s utilisation.<\/p>\n<p>Certifi\u00e9 sans danger pour les jouets selon EN71-3:2013+A3:2019<\/p>\n<p><a href=\"https:\/\/www.facebook.com\/frenchicfrance\/photos\/?ref=page_internal\">https:\/\/www.facebook.com\/frenchicfrance\/photos\/?ref=page_internal<\/a><\/p>\n<p><strong>La m\u00eame couleur est \u00e9galement disponible en :<br \/>\n<\/strong>Peinture de moulure<br \/>\nAl Fresco<br \/>\n\u00c9chantillon de peinture Peel and Stick (peler et coller)<\/p>\n<p>Nous sommes disponibles via WhatsApp -<a href=\"https:\/\/wa.me\/33784863599\">\u00a0cliquez ici :\u00a0<\/a><\/p>","protected":false},"excerpt":{"rendered":"<p>After Midnight - Un bleu fonc\u00e9 profond et velout\u00e9 avec des tons sarcelles distinctifs. Pensez aux profondeurs ombrag\u00e9es d\u2019une \u00eele lagon. Compl\u00e8tement adaptable, fort et dramatique dans n\u2019importe quel cadre et une toile de fond parfaite pour des tons neutres ou de bijou. Fabulous s\u2019est associ\u00e9 \u00e0 des vibes de teck du milieu du si\u00e8cle ou de Scandi cool si c\u2019est votre truc.<\/p>\n<p><strong>La m\u00eame couleur est \u00e9galement disponible en :<br \/>\n<\/strong><img decoding=\"async\" src=\"https:\/\/cdn.shopify.com\/s\/files\/1\/1421\/4742\/files\/heart_sml_16x16.png?v=1661976903\" \/> <a href=\"https:\/\/www.mididecorstchinian.com\/fr\/produit\/trim-paint-after-midnight-500ml\/\">Peinture de moulure<\/a><br \/>\n<img decoding=\"async\" src=\"https:\/\/cdn.shopify.com\/s\/files\/1\/1421\/4742\/files\/heart_sml_16x16.png?v=1661976903\" \/> <a href=\"https:\/\/www.mididecorstchinian.com\/fr\/produit\/frenchic-al-fresco-after-midnight\/\">Al Fresco<\/a><br \/>\n<img decoding=\"async\" src=\"https:\/\/cdn.shopify.com\/s\/files\/1\/1421\/4742\/files\/heart_sml_16x16.png?v=1661976903\" \/> <a href=\"https:\/\/www.mididecorstchinian.com\/fr\/produit\/frenchic-peel-and-stick-paint-samples\/\">\u00c9chantillon de peinture Peel and Stick (peler et coller)<\/a><\/p>","protected":false},"featured_media":3995,"template":"","meta":[],"product_brand":[363],"product_cat":[132],"product_tag":[382,381,379,377,384,378,380,383,385,387,374],"class_list":{"0":"post-3994","1":"product","2":"type-product","3":"status-publish","4":"has-post-thumbnail","6":"product_brand-frenchic-paint","7":"product_cat-wall-paint","8":"product_tag-concrete","9":"product_tag-floor","10":"product_tag-furniture","11":"product_tag-interior","12":"product_tag-mdf","13":"product_tag-metal","14":"product_tag-pvc","15":"product_tag-tiles","16":"product_tag-walls","17":"product_tag-water-based","18":"product_tag-wood","20":"first","21":"onbackorder","22":"taxable","23":"shipping-taxable","24":"purchasable","25":"product-type-simple"},"yoast_head":"<!-- This site is optimized with the Yoast SEO plugin v27.3 - https:\/\/yoast.com\/product\/yoast-seo-wordpress\/ -->\n<title>Frenchic - Chalk Wall Paint - After Midnight - 2.5L | Midi D\u00e9cor St Chinian<\/title>\n<meta name=\"description\" content=\"After Midnight - A deep and velvety dark blue with distinctive teal tones. Think shadowy depths of an island lagoon. Ideal for indoor projects.\" \/>\n<meta name=\"robots\" content=\"index, follow, max-snippet:-1, max-image-preview:large, max-video-preview:-1\" \/>\n<link rel=\"canonical\" href=\"https:\/\/www.mididecorstchinian.com\/fr\/produit\/chalk-wall-paint-after-midnight-2-5l\/\" \/>\n<meta property=\"og:locale\" content=\"fr_FR\" \/>\n<meta property=\"og:type\" content=\"article\" \/>\n<meta property=\"og:title\" content=\"Frenchic - Chalk Wall Paint - After Midnight - 2.5L | Midi D\u00e9cor St Chinian\" \/>\n<meta property=\"og:description\" content=\"After Midnight - A deep and velvety dark blue with distinctive teal tones. Think shadowy depths of an island lagoon. Ideal for indoor projects.\" \/>\n<meta property=\"og:url\" content=\"https:\/\/www.mididecorstchinian.com\/fr\/produit\/chalk-wall-paint-after-midnight-2-5l\/\" \/>\n<meta property=\"og:site_name\" content=\"Midi D\u00e9cor St Chinian\" \/>\n<meta property=\"article:publisher\" content=\"https:\/\/www.facebook.com\/mididecorstchinian\" \/>\n<meta property=\"article:modified_time\" content=\"2026-02-24T09:06:02+00:00\" \/>\n<meta property=\"og:image\" content=\"https:\/\/www.mididecorstchinian.com\/wp-content\/uploads\/2024\/02\/WP_AfterMidnight.png\" \/>\n\t<meta property=\"og:image:width\" content=\"2000\" \/>\n\t<meta property=\"og:image:height\" content=\"2000\" \/>\n\t<meta property=\"og:image:type\" content=\"image\/png\" \/>\n<meta name=\"twitter:card\" content=\"summary_large_image\" \/>\n<meta name=\"twitter:label1\" content=\"Dur\u00e9e de lecture estim\u00e9e\" \/>\n\t<meta name=\"twitter:data1\" content=\"2 minutes\" \/>\n<script type=\"application\/ld+json\" class=\"yoast-schema-graph\">{\"@context\":\"https:\\\/\\\/schema.org\",\"@graph\":[{\"@type\":\"WebPage\",\"@id\":\"https:\\\/\\\/www.mididecorstchinian.com\\\/product\\\/chalk-wall-paint-after-midnight-2-5l\\\/\",\"url\":\"https:\\\/\\\/www.mididecorstchinian.com\\\/product\\\/chalk-wall-paint-after-midnight-2-5l\\\/\",\"name\":\"Frenchic - Chalk Wall Paint - After Midnight - 2.5L | Midi D\u00e9cor St Chinian\",\"isPartOf\":{\"@id\":\"https:\\\/\\\/www.mididecorstchinian.com\\\/#website\"},\"primaryImageOfPage\":{\"@id\":\"https:\\\/\\\/www.mididecorstchinian.com\\\/product\\\/chalk-wall-paint-after-midnight-2-5l\\\/#primaryimage\"},\"image\":{\"@id\":\"https:\\\/\\\/www.mididecorstchinian.com\\\/product\\\/chalk-wall-paint-after-midnight-2-5l\\\/#primaryimage\"},\"thumbnailUrl\":\"https:\\\/\\\/www.mididecorstchinian.com\\\/wp-content\\\/uploads\\\/2024\\\/02\\\/WP_AfterMidnight.png\",\"datePublished\":\"2024-02-27T09:53:27+00:00\",\"dateModified\":\"2026-02-24T09:06:02+00:00\",\"description\":\"After Midnight - A deep and velvety dark blue with distinctive teal tones. Think shadowy depths of an island lagoon. Ideal for indoor projects.\",\"breadcrumb\":{\"@id\":\"https:\\\/\\\/www.mididecorstchinian.com\\\/product\\\/chalk-wall-paint-after-midnight-2-5l\\\/#breadcrumb\"},\"inLanguage\":\"fr-FR\",\"potentialAction\":[{\"@type\":\"ReadAction\",\"target\":[\"https:\\\/\\\/www.mididecorstchinian.com\\\/product\\\/chalk-wall-paint-after-midnight-2-5l\\\/\"]}]},{\"@type\":\"ImageObject\",\"inLanguage\":\"fr-FR\",\"@id\":\"https:\\\/\\\/www.mididecorstchinian.com\\\/product\\\/chalk-wall-paint-after-midnight-2-5l\\\/#primaryimage\",\"url\":\"https:\\\/\\\/www.mididecorstchinian.com\\\/wp-content\\\/uploads\\\/2024\\\/02\\\/WP_AfterMidnight.png\",\"contentUrl\":\"https:\\\/\\\/www.mididecorstchinian.com\\\/wp-content\\\/uploads\\\/2024\\\/02\\\/WP_AfterMidnight.png\",\"width\":2000,\"height\":2000,\"caption\":\"Chalk Wall Paint - After Midnight\"},{\"@type\":\"BreadcrumbList\",\"@id\":\"https:\\\/\\\/www.mididecorstchinian.com\\\/product\\\/chalk-wall-paint-after-midnight-2-5l\\\/#breadcrumb\",\"itemListElement\":[{\"@type\":\"ListItem\",\"position\":1,\"name\":\"Home\",\"item\":\"https:\\\/\\\/www.mididecorstchinian.com\\\/\"},{\"@type\":\"ListItem\",\"position\":2,\"name\":\"Shop\",\"item\":\"https:\\\/\\\/www.mididecorstchinian.com\\\/shop\\\/\"},{\"@type\":\"ListItem\",\"position\":3,\"name\":\"Frenchic &#8211; Chalk Wall Paint &#8211; After Midnight &#8211; 2.5L\"}]},{\"@type\":\"WebSite\",\"@id\":\"https:\\\/\\\/www.mididecorstchinian.com\\\/#website\",\"url\":\"https:\\\/\\\/www.mididecorstchinian.com\\\/\",\"name\":\"Midi D\u00e9cor St Chinian\",\"description\":\"Selling Frenchic, Crown &amp; Sandtex paint in France\",\"publisher\":{\"@id\":\"https:\\\/\\\/www.mididecorstchinian.com\\\/#organization\"},\"potentialAction\":[{\"@type\":\"SearchAction\",\"target\":{\"@type\":\"EntryPoint\",\"urlTemplate\":\"https:\\\/\\\/www.mididecorstchinian.com\\\/?s={search_term_string}\"},\"query-input\":{\"@type\":\"PropertyValueSpecification\",\"valueRequired\":true,\"valueName\":\"search_term_string\"}}],\"inLanguage\":\"fr-FR\"},{\"@type\":\"Organization\",\"@id\":\"https:\\\/\\\/www.mididecorstchinian.com\\\/#organization\",\"name\":\"Midi D\u00e9cor St Chinian\",\"url\":\"https:\\\/\\\/www.mididecorstchinian.com\\\/\",\"logo\":{\"@type\":\"ImageObject\",\"inLanguage\":\"fr-FR\",\"@id\":\"https:\\\/\\\/www.mididecorstchinian.com\\\/#\\\/schema\\\/logo\\\/image\\\/\",\"url\":\"https:\\\/\\\/www.mididecorstchinian.com\\\/wp-content\\\/uploads\\\/2025\\\/08\\\/Logo-MD2025-Long-Transparent-medium.png\",\"contentUrl\":\"https:\\\/\\\/www.mididecorstchinian.com\\\/wp-content\\\/uploads\\\/2025\\\/08\\\/Logo-MD2025-Long-Transparent-medium.png\",\"width\":1599,\"height\":532,\"caption\":\"Midi D\u00e9cor St Chinian\"},\"image\":{\"@id\":\"https:\\\/\\\/www.mididecorstchinian.com\\\/#\\\/schema\\\/logo\\\/image\\\/\"},\"sameAs\":[\"https:\\\/\\\/www.facebook.com\\\/mididecorstchinian\",\"https:\\\/\\\/www.instagram.com\\\/mididecor_saintchinian\\\/\"]}]}<\/script>\n<!-- \/ Yoast SEO plugin. -->","yoast_head_json":{"title":"Frenchic - Chalk Wall Paint - After Midnight - 2.5L | Midi D\u00e9cor St Chinian","description":"After Midnight - A deep and velvety dark blue with distinctive teal tones. Think shadowy depths of an island lagoon. Ideal for indoor projects.","robots":{"index":"index","follow":"follow","max-snippet":"max-snippet:-1","max-image-preview":"max-image-preview:large","max-video-preview":"max-video-preview:-1"},"canonical":"https:\/\/www.mididecorstchinian.com\/fr\/produit\/chalk-wall-paint-after-midnight-2-5l\/","og_locale":"fr_FR","og_type":"article","og_title":"Frenchic - Chalk Wall Paint - After Midnight - 2.5L | Midi D\u00e9cor St Chinian","og_description":"After Midnight - A deep and velvety dark blue with distinctive teal tones. Think shadowy depths of an island lagoon. Ideal for indoor projects.","og_url":"https:\/\/www.mididecorstchinian.com\/fr\/produit\/chalk-wall-paint-after-midnight-2-5l\/","og_site_name":"Midi D\u00e9cor St Chinian","article_publisher":"https:\/\/www.facebook.com\/mididecorstchinian","article_modified_time":"2026-02-24T09:06:02+00:00","og_image":[{"width":2000,"height":2000,"url":"https:\/\/www.mididecorstchinian.com\/wp-content\/uploads\/2024\/02\/WP_AfterMidnight.png","type":"image\/png"}],"twitter_card":"summary_large_image","twitter_misc":{"Dur\u00e9e de lecture estim\u00e9e":"2 minutes"},"schema":{"@context":"https:\/\/schema.org","@graph":[{"@type":"WebPage","@id":"https:\/\/www.mididecorstchinian.com\/product\/chalk-wall-paint-after-midnight-2-5l\/","url":"https:\/\/www.mididecorstchinian.com\/product\/chalk-wall-paint-after-midnight-2-5l\/","name":"Frenchic - Chalk Wall Paint - After Midnight - 2.5L | Midi D\u00e9cor St Chinian","isPartOf":{"@id":"https:\/\/www.mididecorstchinian.com\/#website"},"primaryImageOfPage":{"@id":"https:\/\/www.mididecorstchinian.com\/product\/chalk-wall-paint-after-midnight-2-5l\/#primaryimage"},"image":{"@id":"https:\/\/www.mididecorstchinian.com\/product\/chalk-wall-paint-after-midnight-2-5l\/#primaryimage"},"thumbnailUrl":"https:\/\/www.mididecorstchinian.com\/wp-content\/uploads\/2024\/02\/WP_AfterMidnight.png","datePublished":"2024-02-27T09:53:27+00:00","dateModified":"2026-02-24T09:06:02+00:00","description":"After Midnight - A deep and velvety dark blue with distinctive teal tones. Think shadowy depths of an island lagoon. Ideal for indoor projects.","breadcrumb":{"@id":"https:\/\/www.mididecorstchinian.com\/product\/chalk-wall-paint-after-midnight-2-5l\/#breadcrumb"},"inLanguage":"fr-FR","potentialAction":[{"@type":"ReadAction","target":["https:\/\/www.mididecorstchinian.com\/product\/chalk-wall-paint-after-midnight-2-5l\/"]}]},{"@type":"ImageObject","inLanguage":"fr-FR","@id":"https:\/\/www.mididecorstchinian.com\/product\/chalk-wall-paint-after-midnight-2-5l\/#primaryimage","url":"https:\/\/www.mididecorstchinian.com\/wp-content\/uploads\/2024\/02\/WP_AfterMidnight.png","contentUrl":"https:\/\/www.mididecorstchinian.com\/wp-content\/uploads\/2024\/02\/WP_AfterMidnight.png","width":2000,"height":2000,"caption":"Chalk Wall Paint - After Midnight"},{"@type":"BreadcrumbList","@id":"https:\/\/www.mididecorstchinian.com\/product\/chalk-wall-paint-after-midnight-2-5l\/#breadcrumb","itemListElement":[{"@type":"ListItem","position":1,"name":"Home","item":"https:\/\/www.mididecorstchinian.com\/"},{"@type":"ListItem","position":2,"name":"Shop","item":"https:\/\/www.mididecorstchinian.com\/shop\/"},{"@type":"ListItem","position":3,"name":"Frenchic &#8211; Chalk Wall Paint &#8211; After Midnight &#8211; 2.5L"}]},{"@type":"WebSite","@id":"https:\/\/www.mididecorstchinian.com\/#website","url":"https:\/\/www.mididecorstchinian.com\/","name":"Midi D\u00e9cor St Chinian","description":"Selling Frenchic, Crown &amp; Sandtex paint in France","publisher":{"@id":"https:\/\/www.mididecorstchinian.com\/#organization"},"potentialAction":[{"@type":"SearchAction","target":{"@type":"EntryPoint","urlTemplate":"https:\/\/www.mididecorstchinian.com\/?s={search_term_string}"},"query-input":{"@type":"PropertyValueSpecification","valueRequired":true,"valueName":"search_term_string"}}],"inLanguage":"fr-FR"},{"@type":"Organization","@id":"https:\/\/www.mididecorstchinian.com\/#organization","name":"Midi D\u00e9cor St Chinian","url":"https:\/\/www.mididecorstchinian.com\/","logo":{"@type":"ImageObject","inLanguage":"fr-FR","@id":"https:\/\/www.mididecorstchinian.com\/#\/schema\/logo\/image\/","url":"https:\/\/www.mididecorstchinian.com\/wp-content\/uploads\/2025\/08\/Logo-MD2025-Long-Transparent-medium.png","contentUrl":"https:\/\/www.mididecorstchinian.com\/wp-content\/uploads\/2025\/08\/Logo-MD2025-Long-Transparent-medium.png","width":1599,"height":532,"caption":"Midi D\u00e9cor St Chinian"},"image":{"@id":"https:\/\/www.mididecorstchinian.com\/#\/schema\/logo\/image\/"},"sameAs":["https:\/\/www.facebook.com\/mididecorstchinian","https:\/\/www.instagram.com\/mididecor_saintchinian\/"]}]}},"jetpack_sharing_enabled":true,"_links":{"self":[{"href":"https:\/\/www.mididecorstchinian.com\/fr\/wp-json\/wp\/v2\/product\/3994","targetHints":{"allow":["GET"]}}],"collection":[{"href":"https:\/\/www.mididecorstchinian.com\/fr\/wp-json\/wp\/v2\/product"}],"about":[{"href":"https:\/\/www.mididecorstchinian.com\/fr\/wp-json\/wp\/v2\/types\/product"}],"wp:featuredmedia":[{"embeddable":true,"href":"https:\/\/www.mididecorstchinian.com\/fr\/wp-json\/wp\/v2\/media\/3995"}],"wp:attachment":[{"href":"https:\/\/www.mididecorstchinian.com\/fr\/wp-json\/wp\/v2\/media?parent=3994"}],"wp:term":[{"taxonomy":"product_brand","embeddable":true,"href":"https:\/\/www.mididecorstchinian.com\/fr\/wp-json\/wp\/v2\/product_brand?post=3994"},{"taxonomy":"product_cat","embeddable":true,"href":"https:\/\/www.mididecorstchinian.com\/fr\/wp-json\/wp\/v2\/product_cat?post=3994"},{"taxonomy":"product_tag","embeddable":true,"href":"https:\/\/www.mididecorstchinian.com\/fr\/wp-json\/wp\/v2\/product_tag?post=3994"}],"curies":[{"name":"wp","href":"https:\/\/api.w.org\/{rel}","templated":true}]}}