{"id":447,"date":"2021-12-08T19:00:56","date_gmt":"2021-12-08T19:00:56","guid":{"rendered":"https:\/\/www.mididecorstchinian.com\/?post_type=product&#038;p=447"},"modified":"2026-03-06T14:25:39","modified_gmt":"2026-03-06T13:25:39","slug":"frenchic-original-artisan-range-moody-blue","status":"publish","type":"product","link":"https:\/\/www.mididecorstchinian.com\/fr\/produit\/frenchic-original-artisan-range-moody-blue\/","title":{"rendered":"Frenchic \u2013 Original Artisan Range \u2013 Moody Blue \u2013 750ml \u2013 en solde"},"content":{"rendered":"<p>Moody Blue - De belles nuances lavande gardent ce beau bleu subtilement tonique du banal. Joyeux ou sombre, selon la fa\u00e7on dont c\u2019est associ\u00e9.<\/p>\n<p>Moody Blue est une couleur discontinu\u00e9e dans la Original Artisan Range, donc propos\u00e9e \u00e0 20 \u20ac  \u2013 bonne affaire !<br \/>\nLa couleur est toujours disponible dans d\u2019autres gammes de peinture Frenchic, comme indiqu\u00e9 ci-dessous.<\/p>\n<p>Facile pour les d\u00e9butants et le choix des professionnels.<\/p>\n<p>Original Artisan Range \u2013 Moody Blue est un style traditionnel, \u00e9cologique, craie et peinture min\u00e9rale.<\/p>\n<p>Riche, cr\u00e9meux et auto-amor\u00e7ant qui vous donne une couverture sup\u00e9rieure.<\/p>\n<p>Teneur minimale en COV et pratiquement aucune odeur.<\/p>\n<p>Scellez avec l\u2019une de nos cires beurr\u00e9es, <a href=\"https:\/\/www.mididecorstchinian.com\/fr\/produit\/frenchic-finishing-coat-500ml-clear\/\">Finishing Coat (couche de finition)<\/a> ou <a href=\"https:\/\/www.mididecorstchinian.com\/fr\/produit\/frenchic-tuff-top-coat-500ml-clear-matt\/\">Tuff Top Coat (scellant r\u00e9sistant \u00e0 l\u2019usure)<\/a> pour la durabilit\u00e9.<\/p>\n<p>Vous pouvez cr\u00e9er des effets d\u00e9coratifs presque sans fin \u2013 laissez libre cours \u00e0 votre imagination avec de la texture et plusieurs couches de couleurs pour un look \u00e9clectique rustique ou vieilli ou optez pour une finition lisse et \u00e9l\u00e9gante.<\/p>\n<p>Comme pour toutes les peintures et finitions Frenchic, il est certifi\u00e9 UKCA et EN71-3, ce qui signifie qu\u2019il est s\u00fbr \u00e0 utiliser sur les jouets pour enfants.<\/p>\n<h4><strong>Comment se pr\u00e9parer :<\/strong><\/h4>\n<p>Toutes les surfaces doivent \u00eatre propres, s\u00e8ches et exemptes de graisse et d\u2019autres substances p\u00e9n\u00e9trantes.<\/p>\n<p>Pour les surfaces d\u00e9j\u00e0 peintes, enlever la peinture d\u00e9coll\u00e9e ou \u00e9caill\u00e9e.<\/p>\n<p>Nettoyer avec <a href=\"https:\/\/www.mididecorstchinian.com\/fr\/produit\/frenchic-sugar-soap-500ml\/\">Savon de sucre<\/a>, rincez et laissez s\u00e9cher, puis appliquez un l\u00e9ger sable sur la surface pour maximiser l\u2019adh\u00e9rence de la peinture.<\/p>\n<h4><strong>Comment appliquer Moody Blue :<\/strong><\/h4>\n<p>Bien m\u00e9langer avant de l'utiliser.<\/p>\n<p>Un minimum de 2 couches requis.<\/p>\n<p>\u00c9vitez de peindre en plein soleil ou lorsque l'air est humide.<\/p>\n<p>Les pinceaux Cervus sont id\u00e9aux pour tous vos projets de peinture, grands et petits.<br \/>\nAvailable in <a href=\"https:\/\/www.mididecorstchinian.com\/fr\/produit\/cervus-pennelli-brushes-flat-s-k-green-handle\/\">vert plat<\/a>, <a href=\"https:\/\/www.mididecorstchinian.com\/fr\/produit\/cervus-pennelli-brushes-flat-s-ap18-red-handle\/\">rouge plat<\/a>, <a href=\"https:\/\/www.mididecorstchinian.com\/fr\/produit\/cervus-pennelli-oval-paint-brushes-s-169\/\">ovale<\/a> et<a href=\"https:\/\/www.mididecorstchinian.com\/fr\/produit\/cervus-pennelli-brushes-rechampir-s-89-sizes-21-25\/\"> pointue.<\/a><\/p>\n<h4><strong>Couverture :<\/strong><\/h4>\n<p>Un pot de 750 ml couvre environ 7,5 m2 par couche.<\/p>\n<p>La couverture varie en fonction de l'\u00e9tat et de la porosit\u00e9 de la surface.<\/p>\n<p>Lors de la peinture d\u2019une couleur contrastant avec la surface, des couches suppl\u00e9mentaires peuvent \u00eatre n\u00e9cessaires pour obtenir l\u2019effet visuel complet.<\/p>\n<h4><strong>Temps de s\u00e9chage :<\/strong><\/h4>\n<p>Toucher s\u00e9cher 1 heure<\/p>\n<h4><strong>Stockage et nettoyage :<\/strong><\/h4>\n<p>Nettoyer imm\u00e9diatement les \u00e9claboussures de peinture.<\/p>\n<p>Refermer la bo\u00eete apr\u00e8s utilisation.<\/p>\n<p>\u00c9viter de stocker la peinture dans des conditions de gel ou de temp\u00e9rature \u00e9lev\u00e9e.<\/p>\n<p>Nettoyer la brosse avec de l'eau chaude savonneuse.<\/p>\n<h4><strong>Ingr\u00e9dients :<\/strong><\/h4>\n<p>Craie, argile, dioxyde de titane, r\u00e9sine, pr\u00e9servateur de talc, cire.<\/p>\n<p><a href=\"https:\/\/www.facebook.com\/frenchicfrance\">https:\/\/www.facebook.com\/frenchicfrance<\/a><\/p>\n<p><strong>La m\u00eame couleur est \u00e9galement disponible en :<\/strong><br \/>\nPeinture murale \u00e0 la craie<br \/>\nPeinture de moulure<br \/>\n\u00c9chantillon de peinture Peel and Stick (peler et coller)<\/p>\n<p>Nous sommes disponibles via WhatsApp - <a href=\"https:\/\/wa.me\/33784863599\">cliquez ici :<\/a><\/p>","protected":false},"excerpt":{"rendered":"<p>Moody Blue - De belles nuances lavande gardent ce beau bleu subtilement tonique du banal. Joyeux ou sombre, selon la fa\u00e7on dont c\u2019est associ\u00e9.<\/p>\n<p><strong>La m\u00eame couleur est \u00e9galement disponible en :<\/strong><br \/>\n<img decoding=\"async\" src=\"https:\/\/cdn.shopify.com\/s\/files\/1\/1421\/4742\/files\/heart_sml_16x16.png?v=1661976903\" \/> <a href=\"https:\/\/www.mididecorstchinian.com\/fr\/produit\/chalk-wall-paint-moody-blue-2-5l\/\">Peinture murale \u00e0 la craie<\/a><br \/>\n<img decoding=\"async\" src=\"https:\/\/cdn.shopify.com\/s\/files\/1\/1421\/4742\/files\/heart_sml_16x16.png?v=1661976903\" \/> <a href=\"https:\/\/www.mididecorstchinian.com\/fr\/produit\/frenchic-peel-and-stick-paint-samples\/\">\u00c9chantillons de peinture Peel and Stick (peler et coller)<\/a><br \/>\n<img decoding=\"async\" src=\"https:\/\/cdn.shopify.com\/s\/files\/1\/1421\/4742\/files\/heart_sml_16x16.png?v=1661976903\" \/> <a href=\"https:\/\/www.mididecorstchinian.com\/fr\/produit\/trim-paint-moody-blue-500ml\/\">Peinture de moulure<\/a><br \/>\n<img decoding=\"async\" src=\"https:\/\/cdn.shopify.com\/s\/files\/1\/1421\/4742\/files\/heart_sml_16x16.png?v=1661976903\" \/> <a href=\"https:\/\/www.mididecorstchinian.com\/fr\/produit\/frenchic-lazy-range-moody-blue\/\">Lazy Range<\/a><\/p>","protected":false},"featured_media":4981,"template":"","meta":[],"product_brand":[363],"product_cat":[128],"product_tag":[379,377,384,385,374],"class_list":{"0":"post-447","1":"product","2":"type-product","3":"status-publish","4":"has-post-thumbnail","6":"product_brand-frenchic-paint","7":"product_cat-orginal-artisan-paint","8":"product_tag-furniture","9":"product_tag-interior","10":"product_tag-mdf","11":"product_tag-walls","12":"product_tag-wood","14":"first","15":"instock","16":"sale","17":"taxable","18":"shipping-taxable","19":"purchasable","20":"product-type-simple"},"yoast_head":"<!-- This site is optimized with the Yoast SEO plugin v27.3 - https:\/\/yoast.com\/product\/yoast-seo-wordpress\/ -->\n<title>Frenchic - Original Artisan Range - Moody Blue - 750ml - On Sale | Midi D\u00e9cor St Chinian<\/title>\n<meta name=\"description\" content=\"Moody Blue - lovely lavender undertones keep this beautiful, subtly-toned blue from the mundane. Cheerful or brooding, depending on how it\u2019s partnered.  The same colour is also available in:  Chalk Wall Paint  Peel and Stick Paint Samples  Trim Paint  Lazy Range\" \/>\n<meta name=\"robots\" content=\"index, follow, max-snippet:-1, max-image-preview:large, max-video-preview:-1\" \/>\n<link rel=\"canonical\" href=\"https:\/\/www.mididecorstchinian.com\/fr\/produit\/frenchic-original-artisan-range-moody-blue\/\" \/>\n<meta property=\"og:locale\" content=\"fr_FR\" \/>\n<meta property=\"og:type\" content=\"article\" \/>\n<meta property=\"og:title\" content=\"Frenchic - Original Artisan Range - Moody Blue - 750ml - On Sale | Midi D\u00e9cor St Chinian\" \/>\n<meta property=\"og:description\" content=\"Moody Blue - lovely lavender undertones keep this beautiful, subtly-toned blue from the mundane. Cheerful or brooding, depending on how it\u2019s partnered.  The same colour is also available in:  Chalk Wall Paint  Peel and Stick Paint Samples  Trim Paint  Lazy Range\" \/>\n<meta property=\"og:url\" content=\"https:\/\/www.mididecorstchinian.com\/fr\/produit\/frenchic-original-artisan-range-moody-blue\/\" \/>\n<meta property=\"og:site_name\" content=\"Midi D\u00e9cor St Chinian\" \/>\n<meta property=\"article:publisher\" content=\"https:\/\/www.facebook.com\/mididecorstchinian\" \/>\n<meta property=\"article:modified_time\" content=\"2026-03-06T13:25:39+00:00\" \/>\n<meta property=\"og:image\" content=\"https:\/\/www.mididecorstchinian.com\/wp-content\/uploads\/2021\/12\/FR-OAR-750-Moody-Blue.jpg\" \/>\n\t<meta property=\"og:image:width\" content=\"480\" \/>\n\t<meta property=\"og:image:height\" content=\"480\" \/>\n\t<meta property=\"og:image:type\" content=\"image\/jpeg\" \/>\n<meta name=\"twitter:card\" content=\"summary_large_image\" \/>\n<meta name=\"twitter:label1\" content=\"Dur\u00e9e de lecture estim\u00e9e\" \/>\n\t<meta name=\"twitter:data1\" content=\"2 minutes\" \/>\n<script type=\"application\/ld+json\" class=\"yoast-schema-graph\">{\"@context\":\"https:\\\/\\\/schema.org\",\"@graph\":[{\"@type\":\"WebPage\",\"@id\":\"https:\\\/\\\/www.mididecorstchinian.com\\\/product\\\/frenchic-original-artisan-range-moody-blue\\\/\",\"url\":\"https:\\\/\\\/www.mididecorstchinian.com\\\/product\\\/frenchic-original-artisan-range-moody-blue\\\/\",\"name\":\"Frenchic - Original Artisan Range - Moody Blue - 750ml - On Sale | Midi D\u00e9cor St Chinian\",\"isPartOf\":{\"@id\":\"https:\\\/\\\/www.mididecorstchinian.com\\\/#website\"},\"primaryImageOfPage\":{\"@id\":\"https:\\\/\\\/www.mididecorstchinian.com\\\/product\\\/frenchic-original-artisan-range-moody-blue\\\/#primaryimage\"},\"image\":{\"@id\":\"https:\\\/\\\/www.mididecorstchinian.com\\\/product\\\/frenchic-original-artisan-range-moody-blue\\\/#primaryimage\"},\"thumbnailUrl\":\"https:\\\/\\\/www.mididecorstchinian.com\\\/wp-content\\\/uploads\\\/2021\\\/12\\\/FR-OAR-750-Moody-Blue.jpg\",\"datePublished\":\"2021-12-08T19:00:56+00:00\",\"dateModified\":\"2026-03-06T13:25:39+00:00\",\"description\":\"Moody Blue - lovely lavender undertones keep this beautiful, subtly-toned blue from the mundane. Cheerful or brooding, depending on how it\u2019s partnered. The same colour is also available in: Chalk Wall Paint Peel and Stick Paint Samples Trim Paint Lazy Range\",\"breadcrumb\":{\"@id\":\"https:\\\/\\\/www.mididecorstchinian.com\\\/product\\\/frenchic-original-artisan-range-moody-blue\\\/#breadcrumb\"},\"inLanguage\":\"fr-FR\",\"potentialAction\":[{\"@type\":\"ReadAction\",\"target\":[\"https:\\\/\\\/www.mididecorstchinian.com\\\/product\\\/frenchic-original-artisan-range-moody-blue\\\/\"]}]},{\"@type\":\"ImageObject\",\"inLanguage\":\"fr-FR\",\"@id\":\"https:\\\/\\\/www.mididecorstchinian.com\\\/product\\\/frenchic-original-artisan-range-moody-blue\\\/#primaryimage\",\"url\":\"https:\\\/\\\/www.mididecorstchinian.com\\\/wp-content\\\/uploads\\\/2021\\\/12\\\/FR-OAR-750-Moody-Blue.jpg\",\"contentUrl\":\"https:\\\/\\\/www.mididecorstchinian.com\\\/wp-content\\\/uploads\\\/2021\\\/12\\\/FR-OAR-750-Moody-Blue.jpg\",\"width\":480,\"height\":480,\"caption\":\"OAR-MoodyBlue-750\"},{\"@type\":\"BreadcrumbList\",\"@id\":\"https:\\\/\\\/www.mididecorstchinian.com\\\/product\\\/frenchic-original-artisan-range-moody-blue\\\/#breadcrumb\",\"itemListElement\":[{\"@type\":\"ListItem\",\"position\":1,\"name\":\"Home\",\"item\":\"https:\\\/\\\/www.mididecorstchinian.com\\\/\"},{\"@type\":\"ListItem\",\"position\":2,\"name\":\"Shop\",\"item\":\"https:\\\/\\\/www.mididecorstchinian.com\\\/shop\\\/\"},{\"@type\":\"ListItem\",\"position\":3,\"name\":\"Frenchic &#8211; Original Artisan Range &#8211; Moody Blue &#8211; 750ml &#8211; On Sale\"}]},{\"@type\":\"WebSite\",\"@id\":\"https:\\\/\\\/www.mididecorstchinian.com\\\/#website\",\"url\":\"https:\\\/\\\/www.mididecorstchinian.com\\\/\",\"name\":\"Midi D\u00e9cor St Chinian\",\"description\":\"Selling Frenchic, Crown &amp; Sandtex paint in France\",\"publisher\":{\"@id\":\"https:\\\/\\\/www.mididecorstchinian.com\\\/#organization\"},\"potentialAction\":[{\"@type\":\"SearchAction\",\"target\":{\"@type\":\"EntryPoint\",\"urlTemplate\":\"https:\\\/\\\/www.mididecorstchinian.com\\\/?s={search_term_string}\"},\"query-input\":{\"@type\":\"PropertyValueSpecification\",\"valueRequired\":true,\"valueName\":\"search_term_string\"}}],\"inLanguage\":\"fr-FR\"},{\"@type\":\"Organization\",\"@id\":\"https:\\\/\\\/www.mididecorstchinian.com\\\/#organization\",\"name\":\"Midi D\u00e9cor St Chinian\",\"url\":\"https:\\\/\\\/www.mididecorstchinian.com\\\/\",\"logo\":{\"@type\":\"ImageObject\",\"inLanguage\":\"fr-FR\",\"@id\":\"https:\\\/\\\/www.mididecorstchinian.com\\\/#\\\/schema\\\/logo\\\/image\\\/\",\"url\":\"https:\\\/\\\/www.mididecorstchinian.com\\\/wp-content\\\/uploads\\\/2025\\\/08\\\/Logo-MD2025-Long-Transparent-medium.png\",\"contentUrl\":\"https:\\\/\\\/www.mididecorstchinian.com\\\/wp-content\\\/uploads\\\/2025\\\/08\\\/Logo-MD2025-Long-Transparent-medium.png\",\"width\":1599,\"height\":532,\"caption\":\"Midi D\u00e9cor St Chinian\"},\"image\":{\"@id\":\"https:\\\/\\\/www.mididecorstchinian.com\\\/#\\\/schema\\\/logo\\\/image\\\/\"},\"sameAs\":[\"https:\\\/\\\/www.facebook.com\\\/mididecorstchinian\",\"https:\\\/\\\/www.instagram.com\\\/mididecor_saintchinian\\\/\"]}]}<\/script>\n<!-- \/ Yoast SEO plugin. -->","yoast_head_json":{"title":"Frenchic - Original Artisan Range - Moody Blue - 750ml - On Sale | Midi D\u00e9cor St Chinian","description":"Moody Blue - lovely lavender undertones keep this beautiful, subtly-toned blue from the mundane. Cheerful or brooding, depending on how it\u2019s partnered.  The same colour is also available in:  Chalk Wall Paint  Peel and Stick Paint Samples  Trim Paint  Lazy Range","robots":{"index":"index","follow":"follow","max-snippet":"max-snippet:-1","max-image-preview":"max-image-preview:large","max-video-preview":"max-video-preview:-1"},"canonical":"https:\/\/www.mididecorstchinian.com\/fr\/produit\/frenchic-original-artisan-range-moody-blue\/","og_locale":"fr_FR","og_type":"article","og_title":"Frenchic - Original Artisan Range - Moody Blue - 750ml - On Sale | Midi D\u00e9cor St Chinian","og_description":"Moody Blue - lovely lavender undertones keep this beautiful, subtly-toned blue from the mundane. Cheerful or brooding, depending on how it\u2019s partnered.  The same colour is also available in:  Chalk Wall Paint  Peel and Stick Paint Samples  Trim Paint  Lazy Range","og_url":"https:\/\/www.mididecorstchinian.com\/fr\/produit\/frenchic-original-artisan-range-moody-blue\/","og_site_name":"Midi D\u00e9cor St Chinian","article_publisher":"https:\/\/www.facebook.com\/mididecorstchinian","article_modified_time":"2026-03-06T13:25:39+00:00","og_image":[{"width":480,"height":480,"url":"https:\/\/www.mididecorstchinian.com\/wp-content\/uploads\/2021\/12\/FR-OAR-750-Moody-Blue.jpg","type":"image\/jpeg"}],"twitter_card":"summary_large_image","twitter_misc":{"Dur\u00e9e de lecture estim\u00e9e":"2 minutes"},"schema":{"@context":"https:\/\/schema.org","@graph":[{"@type":"WebPage","@id":"https:\/\/www.mididecorstchinian.com\/product\/frenchic-original-artisan-range-moody-blue\/","url":"https:\/\/www.mididecorstchinian.com\/product\/frenchic-original-artisan-range-moody-blue\/","name":"Frenchic - Original Artisan Range - Moody Blue - 750ml - On Sale | Midi D\u00e9cor St Chinian","isPartOf":{"@id":"https:\/\/www.mididecorstchinian.com\/#website"},"primaryImageOfPage":{"@id":"https:\/\/www.mididecorstchinian.com\/product\/frenchic-original-artisan-range-moody-blue\/#primaryimage"},"image":{"@id":"https:\/\/www.mididecorstchinian.com\/product\/frenchic-original-artisan-range-moody-blue\/#primaryimage"},"thumbnailUrl":"https:\/\/www.mididecorstchinian.com\/wp-content\/uploads\/2021\/12\/FR-OAR-750-Moody-Blue.jpg","datePublished":"2021-12-08T19:00:56+00:00","dateModified":"2026-03-06T13:25:39+00:00","description":"Moody Blue - lovely lavender undertones keep this beautiful, subtly-toned blue from the mundane. Cheerful or brooding, depending on how it\u2019s partnered. The same colour is also available in: Chalk Wall Paint Peel and Stick Paint Samples Trim Paint Lazy Range","breadcrumb":{"@id":"https:\/\/www.mididecorstchinian.com\/product\/frenchic-original-artisan-range-moody-blue\/#breadcrumb"},"inLanguage":"fr-FR","potentialAction":[{"@type":"ReadAction","target":["https:\/\/www.mididecorstchinian.com\/product\/frenchic-original-artisan-range-moody-blue\/"]}]},{"@type":"ImageObject","inLanguage":"fr-FR","@id":"https:\/\/www.mididecorstchinian.com\/product\/frenchic-original-artisan-range-moody-blue\/#primaryimage","url":"https:\/\/www.mididecorstchinian.com\/wp-content\/uploads\/2021\/12\/FR-OAR-750-Moody-Blue.jpg","contentUrl":"https:\/\/www.mididecorstchinian.com\/wp-content\/uploads\/2021\/12\/FR-OAR-750-Moody-Blue.jpg","width":480,"height":480,"caption":"OAR-MoodyBlue-750"},{"@type":"BreadcrumbList","@id":"https:\/\/www.mididecorstchinian.com\/product\/frenchic-original-artisan-range-moody-blue\/#breadcrumb","itemListElement":[{"@type":"ListItem","position":1,"name":"Home","item":"https:\/\/www.mididecorstchinian.com\/"},{"@type":"ListItem","position":2,"name":"Shop","item":"https:\/\/www.mididecorstchinian.com\/shop\/"},{"@type":"ListItem","position":3,"name":"Frenchic &#8211; Original Artisan Range &#8211; Moody Blue &#8211; 750ml &#8211; On Sale"}]},{"@type":"WebSite","@id":"https:\/\/www.mididecorstchinian.com\/#website","url":"https:\/\/www.mididecorstchinian.com\/","name":"Midi D\u00e9cor St Chinian","description":"Selling Frenchic, Crown &amp; Sandtex paint in France","publisher":{"@id":"https:\/\/www.mididecorstchinian.com\/#organization"},"potentialAction":[{"@type":"SearchAction","target":{"@type":"EntryPoint","urlTemplate":"https:\/\/www.mididecorstchinian.com\/?s={search_term_string}"},"query-input":{"@type":"PropertyValueSpecification","valueRequired":true,"valueName":"search_term_string"}}],"inLanguage":"fr-FR"},{"@type":"Organization","@id":"https:\/\/www.mididecorstchinian.com\/#organization","name":"Midi D\u00e9cor St Chinian","url":"https:\/\/www.mididecorstchinian.com\/","logo":{"@type":"ImageObject","inLanguage":"fr-FR","@id":"https:\/\/www.mididecorstchinian.com\/#\/schema\/logo\/image\/","url":"https:\/\/www.mididecorstchinian.com\/wp-content\/uploads\/2025\/08\/Logo-MD2025-Long-Transparent-medium.png","contentUrl":"https:\/\/www.mididecorstchinian.com\/wp-content\/uploads\/2025\/08\/Logo-MD2025-Long-Transparent-medium.png","width":1599,"height":532,"caption":"Midi D\u00e9cor St Chinian"},"image":{"@id":"https:\/\/www.mididecorstchinian.com\/#\/schema\/logo\/image\/"},"sameAs":["https:\/\/www.facebook.com\/mididecorstchinian","https:\/\/www.instagram.com\/mididecor_saintchinian\/"]}]}},"jetpack_sharing_enabled":true,"_links":{"self":[{"href":"https:\/\/www.mididecorstchinian.com\/fr\/wp-json\/wp\/v2\/product\/447","targetHints":{"allow":["GET"]}}],"collection":[{"href":"https:\/\/www.mididecorstchinian.com\/fr\/wp-json\/wp\/v2\/product"}],"about":[{"href":"https:\/\/www.mididecorstchinian.com\/fr\/wp-json\/wp\/v2\/types\/product"}],"wp:featuredmedia":[{"embeddable":true,"href":"https:\/\/www.mididecorstchinian.com\/fr\/wp-json\/wp\/v2\/media\/4981"}],"wp:attachment":[{"href":"https:\/\/www.mididecorstchinian.com\/fr\/wp-json\/wp\/v2\/media?parent=447"}],"wp:term":[{"taxonomy":"product_brand","embeddable":true,"href":"https:\/\/www.mididecorstchinian.com\/fr\/wp-json\/wp\/v2\/product_brand?post=447"},{"taxonomy":"product_cat","embeddable":true,"href":"https:\/\/www.mididecorstchinian.com\/fr\/wp-json\/wp\/v2\/product_cat?post=447"},{"taxonomy":"product_tag","embeddable":true,"href":"https:\/\/www.mididecorstchinian.com\/fr\/wp-json\/wp\/v2\/product_tag?post=447"}],"curies":[{"name":"wp","href":"https:\/\/api.w.org\/{rel}","templated":true}]}}