{"id":4758,"date":"2024-03-27T12:14:07","date_gmt":"2024-03-27T11:14:07","guid":{"rendered":"https:\/\/www.mididecorstchinian.com\/?post_type=product&#038;p=4758"},"modified":"2026-03-27T10:51:51","modified_gmt":"2026-03-27T09:51:51","slug":"trim-paint-wise-old-sage-500ml","status":"publish","type":"product","link":"https:\/\/www.mididecorstchinian.com\/fr\/produit\/trim-paint-wise-old-sage-500ml\/","title":{"rendered":"Frenchic - Peinture de moulure \u2013 Wise Old Sage \u2013500ml"},"content":{"rendered":"<p>Wise Old Sage - Un neutre \u00e9l\u00e9gant, ce vert sauge totalement intemporel coche tant de cases. Son murmure d\u2019une tonalit\u00e9 grise met sans effort l\u2019ambiance dans n\u2019importe quel espace, \u00e0 l\u2019int\u00e9rieur ou \u00e0 l\u2019ext\u00e9rieur, du maison de campagne \u00e0 la botanique moderne.<\/p>\n<p>La peinture de moulure a un joli reflet satin\u00e9 subtil et est parfaite pour les plinthes, les portes et les radiateurs, associ\u00e9e \u00e0 la peinture murale ultra-mate Chalk Wall Paint.<\/p>\n<p>Il est \u00e9galement fantastique utilis\u00e9 pour d'autres surfaces int\u00e9rieures, y compris les meubles et les cuisines !<\/p>\n<p>A base d'eau, avec une grande r\u00e9sistance aux \u00e9raflures, une teneur minimale en COV, les certifications UKCA et EN 71-3, elle est id\u00e9ale pour les cr\u00e8ches - ou toute autre pi\u00e8ce d'ailleurs !<\/p>\n<h4><strong>Comment se pr\u00e9parer :<\/strong><\/h4>\n<p>Avant d\u2019utiliser Trim Paint en Wise Old Sage, les surfaces doivent \u00eatre propres, s\u00e8ches et exemptes de graisse et d\u2019autres substances p\u00e9n\u00e9trantes.<\/p>\n<p>Pour les surfaces d\u00e9j\u00e0 peintes, enlever la peinture d\u00e9coll\u00e9e ou \u00e9caill\u00e9e.<\/p>\n<p>Nettoyer avec <a href=\"https:\/\/www.mididecorstchinian.com\/fr\/produit\/frenchic-sugar-soap-500ml\/\">Savon de sucre<\/a>, rincer et laisser s\u00e9cher, sabler l\u00e9g\u00e8rement pour abraser la surface afin de maximiser l\u2019adh\u00e9rence de la peinture.<\/p>\n<h4><strong>Comment appliquer Wise Old Sage :<\/strong><\/h4>\n<p>Bien m\u00e9langer avant de l'utiliser.<\/p>\n<p>Un minimum de 2 couches peut \u00eatre n\u00e9cessaire.<\/p>\n<p>\u00c9vitez de peindre en plein soleil ou lorsque l'air est humide.<\/p>\n<p>La couverture varie en fonction de l'\u00e9tat et de la porosit\u00e9 de la surface.<\/p>\n<p>Les pinceaux Cervus sont id\u00e9aux pour tous vos projets de peinture, qu'ils soient petits ou grands.<br \/>\nIls sont disponibles en <a href=\"https:\/\/www.mididecorstchinian.com\/fr\/produit\/cervus-pennelli-brushes-flat-s-k-green-handle\/\">vert plat<\/a>, <a href=\"https:\/\/www.mididecorstchinian.com\/fr\/produit\/cervus-pennelli-brushes-flat-s-ap18-red-handle\/\">rouge plat<\/a>, <a href=\"https:\/\/www.mididecorstchinian.com\/fr\/produit\/cervus-pennelli-oval-paint-brushes-s-169\/\">ovale<\/a> et<a href=\"https:\/\/www.mididecorstchinian.com\/fr\/produit\/cervus-pennelli-brushes-rechampir-s-89-sizes-21-25\/\"> pointue.<\/a><\/p>\n<h4><strong>Temps de s\u00e9chage :<\/strong><\/h4>\n<p>S\u00e8che au toucher en 1 heure.<\/p>\n<h4><strong>Stockage et nettoyage :<\/strong><\/h4>\n<p>Nettoyer imm\u00e9diatement les \u00e9claboussures de peinture.<\/p>\n<p>Refermer la bo\u00eete apr\u00e8s utilisation.<\/p>\n<p>\u00c9viter de stocker la peinture dans des conditions de gel ou de temp\u00e9rature \u00e9lev\u00e9e.<\/p>\n<p>Nettoyez votre brosse avec de l'eau chaude savonneuse.<\/p>\n<p>Certifi\u00e9 sans danger pour les jouets selon EN71-3:2013+A3:2019<\/p>\n<p><a href=\"https:\/\/www.facebook.com\/frenchicfrance\/photos\/?ref=page_internal\">https:\/\/www.facebook.com\/frenchicfrance\/photos\/?ref=page_internal<\/a><\/p>\n<p><strong>La m\u00eame couleur est \u00e9galement disponible en :\u00a0<\/strong><br \/>\nPeinture murale \u00e0 la craie<br \/>\nAl Fresco<br \/>\n\u00c9chantillon de peinture Peel and Stick (peler et coller)<\/p>\n<p>Nous sommes disponibles via WhatsApp -<a href=\"https:\/\/wa.me\/33784863599\">\u00a0cliquez ici :\u00a0<\/a><\/p>","protected":false},"excerpt":{"rendered":"<p>Wise Old Sage - Un neutre \u00e9l\u00e9gant, ce vert sauge totalement intemporel coche tant de cases. Son murmure d\u2019une tonalit\u00e9 grise met sans effort l\u2019ambiance dans n\u2019importe quel espace, \u00e0 l\u2019int\u00e9rieur ou \u00e0 l\u2019ext\u00e9rieur, du maison de campagne \u00e0 la botanique moderne.<\/p>\n<p><strong>La m\u00eame couleur est \u00e9galement disponible en :\u00a0<\/strong><br \/>\n<img decoding=\"async\" src=\"https:\/\/cdn.shopify.com\/s\/files\/1\/1421\/4742\/files\/heart_sml_16x16.png?v=1661976903\" \/> <a href=\"https:\/\/www.mididecorstchinian.com\/fr\/produit\/chalk-wall-paint-wise-old-sage-2-5l\/\">Peinture murale \u00e0 la craie<\/a><br \/>\n<img decoding=\"async\" src=\"https:\/\/cdn.shopify.com\/s\/files\/1\/1421\/4742\/files\/heart_sml_16x16.png?v=1661976903\" \/> <a href=\"https:\/\/www.mididecorstchinian.com\/fr\/produit\/frenchic-al-fresco-wise-old-sage\/\">Al Fresco<\/a><br \/>\n<img decoding=\"async\" src=\"https:\/\/cdn.shopify.com\/s\/files\/1\/1421\/4742\/files\/heart_sml_16x16.png?v=1661976903\" \/><a href=\"https:\/\/www.mididecorstchinian.com\/fr\/produit\/frenchic-peel-and-stick-paint-samples\/\"> \u00c9chantillon de peinture Peel and Stick (peler et coller)<\/a><\/p>","protected":false},"featured_media":2747,"template":"","meta":[],"product_brand":[363],"product_cat":[134],"product_tag":[382,379,377,384,378,380,383,374],"class_list":{"0":"post-4758","1":"product","2":"type-product","3":"status-publish","4":"has-post-thumbnail","6":"product_brand-frenchic-paint","7":"product_cat-trim-paint","8":"product_tag-concrete","9":"product_tag-furniture","10":"product_tag-interior","11":"product_tag-mdf","12":"product_tag-metal","13":"product_tag-pvc","14":"product_tag-tiles","15":"product_tag-wood","17":"first","18":"onbackorder","19":"taxable","20":"shipping-taxable","21":"purchasable","22":"product-type-simple"},"yoast_head":"<!-- This site is optimized with the Yoast SEO plugin v27.3 - https:\/\/yoast.com\/product\/yoast-seo-wordpress\/ -->\n<title>Frenchic - Trim Paint - Wise Old Sage - 500ml | Midi D\u00e9cor St Chinian<\/title>\n<meta name=\"description\" content=\"Wise Old Sage - An elegant neutral, this totally timeless sage green ticks so many boxes. Its whisper of a grey undertone sets the mood in any space.\" \/>\n<meta name=\"robots\" content=\"index, follow, max-snippet:-1, max-image-preview:large, max-video-preview:-1\" \/>\n<link rel=\"canonical\" href=\"https:\/\/www.mididecorstchinian.com\/fr\/produit\/trim-paint-wise-old-sage-500ml\/\" \/>\n<meta property=\"og:locale\" content=\"fr_FR\" \/>\n<meta property=\"og:type\" content=\"article\" \/>\n<meta property=\"og:title\" content=\"Frenchic - Trim Paint - Wise Old Sage - 500ml | Midi D\u00e9cor St Chinian\" \/>\n<meta property=\"og:description\" content=\"Wise Old Sage - An elegant neutral, this totally timeless sage green ticks so many boxes. Its whisper of a grey undertone sets the mood in any space.\" \/>\n<meta property=\"og:url\" content=\"https:\/\/www.mididecorstchinian.com\/fr\/produit\/trim-paint-wise-old-sage-500ml\/\" \/>\n<meta property=\"og:site_name\" content=\"Midi D\u00e9cor St Chinian\" \/>\n<meta property=\"article:publisher\" content=\"https:\/\/www.facebook.com\/mididecorstchinian\" \/>\n<meta property=\"article:modified_time\" content=\"2026-03-27T09:51:51+00:00\" \/>\n<meta property=\"og:image\" content=\"https:\/\/www.mididecorstchinian.com\/wp-content\/uploads\/2022\/12\/TP_WiseOldSage-1.jpg\" \/>\n\t<meta property=\"og:image:width\" content=\"2000\" \/>\n\t<meta property=\"og:image:height\" content=\"2000\" \/>\n\t<meta property=\"og:image:type\" content=\"image\/jpeg\" \/>\n<meta name=\"twitter:card\" content=\"summary_large_image\" \/>\n<meta name=\"twitter:label1\" content=\"Dur\u00e9e de lecture estim\u00e9e\" \/>\n\t<meta name=\"twitter:data1\" content=\"1 minute\" \/>\n<script type=\"application\/ld+json\" class=\"yoast-schema-graph\">{\"@context\":\"https:\\\/\\\/schema.org\",\"@graph\":[{\"@type\":\"WebPage\",\"@id\":\"https:\\\/\\\/www.mididecorstchinian.com\\\/product\\\/trim-paint-wise-old-sage-500ml\\\/\",\"url\":\"https:\\\/\\\/www.mididecorstchinian.com\\\/product\\\/trim-paint-wise-old-sage-500ml\\\/\",\"name\":\"Frenchic - Trim Paint - Wise Old Sage - 500ml | Midi D\u00e9cor St Chinian\",\"isPartOf\":{\"@id\":\"https:\\\/\\\/www.mididecorstchinian.com\\\/#website\"},\"primaryImageOfPage\":{\"@id\":\"https:\\\/\\\/www.mididecorstchinian.com\\\/product\\\/trim-paint-wise-old-sage-500ml\\\/#primaryimage\"},\"image\":{\"@id\":\"https:\\\/\\\/www.mididecorstchinian.com\\\/product\\\/trim-paint-wise-old-sage-500ml\\\/#primaryimage\"},\"thumbnailUrl\":\"https:\\\/\\\/www.mididecorstchinian.com\\\/wp-content\\\/uploads\\\/2022\\\/12\\\/TP_WiseOldSage-1.jpg\",\"datePublished\":\"2024-03-27T11:14:07+00:00\",\"dateModified\":\"2026-03-27T09:51:51+00:00\",\"description\":\"Wise Old Sage - An elegant neutral, this totally timeless sage green ticks so many boxes. Its whisper of a grey undertone sets the mood in any space.\",\"breadcrumb\":{\"@id\":\"https:\\\/\\\/www.mididecorstchinian.com\\\/product\\\/trim-paint-wise-old-sage-500ml\\\/#breadcrumb\"},\"inLanguage\":\"fr-FR\",\"potentialAction\":[{\"@type\":\"ReadAction\",\"target\":[\"https:\\\/\\\/www.mididecorstchinian.com\\\/product\\\/trim-paint-wise-old-sage-500ml\\\/\"]}]},{\"@type\":\"ImageObject\",\"inLanguage\":\"fr-FR\",\"@id\":\"https:\\\/\\\/www.mididecorstchinian.com\\\/product\\\/trim-paint-wise-old-sage-500ml\\\/#primaryimage\",\"url\":\"https:\\\/\\\/www.mididecorstchinian.com\\\/wp-content\\\/uploads\\\/2022\\\/12\\\/TP_WiseOldSage-1.jpg\",\"contentUrl\":\"https:\\\/\\\/www.mididecorstchinian.com\\\/wp-content\\\/uploads\\\/2022\\\/12\\\/TP_WiseOldSage-1.jpg\",\"width\":2000,\"height\":2000,\"caption\":\"Trim Paint : Wise Old Sage\"},{\"@type\":\"BreadcrumbList\",\"@id\":\"https:\\\/\\\/www.mididecorstchinian.com\\\/product\\\/trim-paint-wise-old-sage-500ml\\\/#breadcrumb\",\"itemListElement\":[{\"@type\":\"ListItem\",\"position\":1,\"name\":\"Home\",\"item\":\"https:\\\/\\\/www.mididecorstchinian.com\\\/\"},{\"@type\":\"ListItem\",\"position\":2,\"name\":\"Shop\",\"item\":\"https:\\\/\\\/www.mididecorstchinian.com\\\/shop\\\/\"},{\"@type\":\"ListItem\",\"position\":3,\"name\":\"Frenchic &#8211; Trim Paint &#8211; Wise Old Sage &#8211; 500ml\"}]},{\"@type\":\"WebSite\",\"@id\":\"https:\\\/\\\/www.mididecorstchinian.com\\\/#website\",\"url\":\"https:\\\/\\\/www.mididecorstchinian.com\\\/\",\"name\":\"Midi D\u00e9cor St Chinian\",\"description\":\"Selling Frenchic, Crown &amp; Sandtex paint in France\",\"publisher\":{\"@id\":\"https:\\\/\\\/www.mididecorstchinian.com\\\/#organization\"},\"potentialAction\":[{\"@type\":\"SearchAction\",\"target\":{\"@type\":\"EntryPoint\",\"urlTemplate\":\"https:\\\/\\\/www.mididecorstchinian.com\\\/?s={search_term_string}\"},\"query-input\":{\"@type\":\"PropertyValueSpecification\",\"valueRequired\":true,\"valueName\":\"search_term_string\"}}],\"inLanguage\":\"fr-FR\"},{\"@type\":\"Organization\",\"@id\":\"https:\\\/\\\/www.mididecorstchinian.com\\\/#organization\",\"name\":\"Midi D\u00e9cor St Chinian\",\"url\":\"https:\\\/\\\/www.mididecorstchinian.com\\\/\",\"logo\":{\"@type\":\"ImageObject\",\"inLanguage\":\"fr-FR\",\"@id\":\"https:\\\/\\\/www.mididecorstchinian.com\\\/#\\\/schema\\\/logo\\\/image\\\/\",\"url\":\"https:\\\/\\\/www.mididecorstchinian.com\\\/wp-content\\\/uploads\\\/2025\\\/08\\\/Logo-MD2025-Long-Transparent-medium.png\",\"contentUrl\":\"https:\\\/\\\/www.mididecorstchinian.com\\\/wp-content\\\/uploads\\\/2025\\\/08\\\/Logo-MD2025-Long-Transparent-medium.png\",\"width\":1599,\"height\":532,\"caption\":\"Midi D\u00e9cor St Chinian\"},\"image\":{\"@id\":\"https:\\\/\\\/www.mididecorstchinian.com\\\/#\\\/schema\\\/logo\\\/image\\\/\"},\"sameAs\":[\"https:\\\/\\\/www.facebook.com\\\/mididecorstchinian\",\"https:\\\/\\\/www.instagram.com\\\/mididecor_saintchinian\\\/\"]}]}<\/script>\n<!-- \/ Yoast SEO plugin. -->","yoast_head_json":{"title":"Frenchic - Trim Paint - Wise Old Sage - 500ml | Midi D\u00e9cor St Chinian","description":"Wise Old Sage - An elegant neutral, this totally timeless sage green ticks so many boxes. Its whisper of a grey undertone sets the mood in any space.","robots":{"index":"index","follow":"follow","max-snippet":"max-snippet:-1","max-image-preview":"max-image-preview:large","max-video-preview":"max-video-preview:-1"},"canonical":"https:\/\/www.mididecorstchinian.com\/fr\/produit\/trim-paint-wise-old-sage-500ml\/","og_locale":"fr_FR","og_type":"article","og_title":"Frenchic - Trim Paint - Wise Old Sage - 500ml | Midi D\u00e9cor St Chinian","og_description":"Wise Old Sage - An elegant neutral, this totally timeless sage green ticks so many boxes. Its whisper of a grey undertone sets the mood in any space.","og_url":"https:\/\/www.mididecorstchinian.com\/fr\/produit\/trim-paint-wise-old-sage-500ml\/","og_site_name":"Midi D\u00e9cor St Chinian","article_publisher":"https:\/\/www.facebook.com\/mididecorstchinian","article_modified_time":"2026-03-27T09:51:51+00:00","og_image":[{"width":2000,"height":2000,"url":"https:\/\/www.mididecorstchinian.com\/wp-content\/uploads\/2022\/12\/TP_WiseOldSage-1.jpg","type":"image\/jpeg"}],"twitter_card":"summary_large_image","twitter_misc":{"Dur\u00e9e de lecture estim\u00e9e":"1 minute"},"schema":{"@context":"https:\/\/schema.org","@graph":[{"@type":"WebPage","@id":"https:\/\/www.mididecorstchinian.com\/product\/trim-paint-wise-old-sage-500ml\/","url":"https:\/\/www.mididecorstchinian.com\/product\/trim-paint-wise-old-sage-500ml\/","name":"Frenchic - Trim Paint - Wise Old Sage - 500ml | Midi D\u00e9cor St Chinian","isPartOf":{"@id":"https:\/\/www.mididecorstchinian.com\/#website"},"primaryImageOfPage":{"@id":"https:\/\/www.mididecorstchinian.com\/product\/trim-paint-wise-old-sage-500ml\/#primaryimage"},"image":{"@id":"https:\/\/www.mididecorstchinian.com\/product\/trim-paint-wise-old-sage-500ml\/#primaryimage"},"thumbnailUrl":"https:\/\/www.mididecorstchinian.com\/wp-content\/uploads\/2022\/12\/TP_WiseOldSage-1.jpg","datePublished":"2024-03-27T11:14:07+00:00","dateModified":"2026-03-27T09:51:51+00:00","description":"Wise Old Sage - An elegant neutral, this totally timeless sage green ticks so many boxes. Its whisper of a grey undertone sets the mood in any space.","breadcrumb":{"@id":"https:\/\/www.mididecorstchinian.com\/product\/trim-paint-wise-old-sage-500ml\/#breadcrumb"},"inLanguage":"fr-FR","potentialAction":[{"@type":"ReadAction","target":["https:\/\/www.mididecorstchinian.com\/product\/trim-paint-wise-old-sage-500ml\/"]}]},{"@type":"ImageObject","inLanguage":"fr-FR","@id":"https:\/\/www.mididecorstchinian.com\/product\/trim-paint-wise-old-sage-500ml\/#primaryimage","url":"https:\/\/www.mididecorstchinian.com\/wp-content\/uploads\/2022\/12\/TP_WiseOldSage-1.jpg","contentUrl":"https:\/\/www.mididecorstchinian.com\/wp-content\/uploads\/2022\/12\/TP_WiseOldSage-1.jpg","width":2000,"height":2000,"caption":"Trim Paint : Wise Old Sage"},{"@type":"BreadcrumbList","@id":"https:\/\/www.mididecorstchinian.com\/product\/trim-paint-wise-old-sage-500ml\/#breadcrumb","itemListElement":[{"@type":"ListItem","position":1,"name":"Home","item":"https:\/\/www.mididecorstchinian.com\/"},{"@type":"ListItem","position":2,"name":"Shop","item":"https:\/\/www.mididecorstchinian.com\/shop\/"},{"@type":"ListItem","position":3,"name":"Frenchic &#8211; Trim Paint &#8211; Wise Old Sage &#8211; 500ml"}]},{"@type":"WebSite","@id":"https:\/\/www.mididecorstchinian.com\/#website","url":"https:\/\/www.mididecorstchinian.com\/","name":"Midi D\u00e9cor St Chinian","description":"Selling Frenchic, Crown &amp; Sandtex paint in France","publisher":{"@id":"https:\/\/www.mididecorstchinian.com\/#organization"},"potentialAction":[{"@type":"SearchAction","target":{"@type":"EntryPoint","urlTemplate":"https:\/\/www.mididecorstchinian.com\/?s={search_term_string}"},"query-input":{"@type":"PropertyValueSpecification","valueRequired":true,"valueName":"search_term_string"}}],"inLanguage":"fr-FR"},{"@type":"Organization","@id":"https:\/\/www.mididecorstchinian.com\/#organization","name":"Midi D\u00e9cor St Chinian","url":"https:\/\/www.mididecorstchinian.com\/","logo":{"@type":"ImageObject","inLanguage":"fr-FR","@id":"https:\/\/www.mididecorstchinian.com\/#\/schema\/logo\/image\/","url":"https:\/\/www.mididecorstchinian.com\/wp-content\/uploads\/2025\/08\/Logo-MD2025-Long-Transparent-medium.png","contentUrl":"https:\/\/www.mididecorstchinian.com\/wp-content\/uploads\/2025\/08\/Logo-MD2025-Long-Transparent-medium.png","width":1599,"height":532,"caption":"Midi D\u00e9cor St Chinian"},"image":{"@id":"https:\/\/www.mididecorstchinian.com\/#\/schema\/logo\/image\/"},"sameAs":["https:\/\/www.facebook.com\/mididecorstchinian","https:\/\/www.instagram.com\/mididecor_saintchinian\/"]}]}},"jetpack_sharing_enabled":true,"_links":{"self":[{"href":"https:\/\/www.mididecorstchinian.com\/fr\/wp-json\/wp\/v2\/product\/4758","targetHints":{"allow":["GET"]}}],"collection":[{"href":"https:\/\/www.mididecorstchinian.com\/fr\/wp-json\/wp\/v2\/product"}],"about":[{"href":"https:\/\/www.mididecorstchinian.com\/fr\/wp-json\/wp\/v2\/types\/product"}],"wp:featuredmedia":[{"embeddable":true,"href":"https:\/\/www.mididecorstchinian.com\/fr\/wp-json\/wp\/v2\/media\/2747"}],"wp:attachment":[{"href":"https:\/\/www.mididecorstchinian.com\/fr\/wp-json\/wp\/v2\/media?parent=4758"}],"wp:term":[{"taxonomy":"product_brand","embeddable":true,"href":"https:\/\/www.mididecorstchinian.com\/fr\/wp-json\/wp\/v2\/product_brand?post=4758"},{"taxonomy":"product_cat","embeddable":true,"href":"https:\/\/www.mididecorstchinian.com\/fr\/wp-json\/wp\/v2\/product_cat?post=4758"},{"taxonomy":"product_tag","embeddable":true,"href":"https:\/\/www.mididecorstchinian.com\/fr\/wp-json\/wp\/v2\/product_tag?post=4758"}],"curies":[{"name":"wp","href":"https:\/\/api.w.org\/{rel}","templated":true}]}}