{"id":5119,"date":"2024-12-10T12:03:17","date_gmt":"2024-12-10T11:03:17","guid":{"rendered":"https:\/\/www.mididecorstchinian.com\/?post_type=product&#038;p=5119"},"modified":"2026-04-23T16:16:19","modified_gmt":"2026-04-23T14:16:19","slug":"frenchic-metallic-paint-jubilee-500ml","status":"publish","type":"product","link":"https:\/\/www.mididecorstchinian.com\/fr\/produit\/frenchic-metallic-paint-jubilee-500ml\/","title":{"rendered":"Frenchic Peinture M\u00e9tallis\u00e9e \u2013 Jubilee \u2013 500ml"},"content":{"rendered":"<p>Frenchic  Peinture M\u00e9tallis\u00e9e \u2013 Jubilee \u2013 Un platine m\u00e9tallique somptueux, brillant, l\u00e9ger et argent\u00e9. Produit pour marquer le jubil\u00e9 de platine de Sa Majest\u00e9 la Reine, Elizabeth II.<\/p>\n<p>Vous pouvez ajouter un air de luxe et d\u2019\u00e9l\u00e9gance \u00e0 votre maison en utilisant la Frenchic Peinture M\u00e9tallique , qui est formul\u00e9e pour plusieurs surfaces.<\/p>\n<p>La gamme Metallics est adapt\u00e9e \u00e0 la plupart des types de meubles, stratifi\u00e9s, radiateurs enduits de poudre, UPVC, carreaux muraux en c\u00e9ramique (nous recommandons d\u2019\u00e9viter les zones tr\u00e8s humides comme les contours de douche\/baignoire), ainsi que les planchers en bois, b\u00e9ton et stratifi\u00e9 avec une application correcte \u2013 veuillez noter qu\u2019un entretien peut \u00eatre n\u00e9cessaire dans ces situations.<\/p>\n<p>La gamme Metallics est une peinture r\u00e9sistante aux intemp\u00e9ries, durable et facile \u00e0 utiliser avec un fabuleux effet m\u00e9tallis\u00e9 \u2013 veuillez noter que le contenu en pigments min\u00e9raux m\u00e9talliques de la gamme Frenchic Metallics la rend un peu diff\u00e9rente de nos autres peintures.<\/p>\n<p>La finition semblera naturellement peinte \u00e0 la main en raison de sa lueur m\u00e9tallique ainsi que de la nature du contenu min\u00e9ral \u2013 en d\u2019autres termes, une certaine apparence de texture est \u00e0 pr\u00e9voir. Cela signifie qu\u2019il est id\u00e9al pour une vaste gamme d\u2019effets.<\/p>\n<p>Si toutefois une finition super-lisse ou uniforme est souhait\u00e9e, le produit peut \u00eatre pulv\u00e9ris\u00e9 en ajoutant un peu d\u2019eau.<\/p>\n<p>Auto-amor\u00e7ant et auto-scellant, Jubilee convient \u00e0 une large gamme de surfaces tant \u00e0 l\u2019int\u00e9rieur qu\u2019\u00e0 l\u2019ext\u00e9rieur !<\/p>\n<p>\u00c0 base d\u2019eau, avec une teneur minimale en COV et la certification UKCA et EN71-3 signifiant qu\u2019il est s\u00fbr \u00e0 utiliser sur les jouets pour enfants.<\/p>\n<h4><strong>Comment se pr\u00e9parer :<\/strong><\/h4>\n<p>Avant d\u2019utiliser la peinture m\u00e9tallique dans les surfaces Jubilee, elles doivent \u00eatre propres, s\u00e8ches et exemptes de graisse et d\u2019autres substances p\u00e9n\u00e9trantes.<\/p>\n<p>Pour les surfaces d\u00e9j\u00e0 peintes, enlever la peinture d\u00e9coll\u00e9e ou \u00e9caill\u00e9e.<\/p>\n<p>Nettoyer avec <a href=\"https:\/\/www.mididecorstchinian.com\/fr\/produit\/frenchic-sugar-soap-500ml\/\">Savon de sucre<\/a>, rincer et laisser s\u00e9cher, poncer l\u00e9g\u00e8rement la surface pour maximiser l'adh\u00e9rence de la peinture.<\/p>\n<h4><strong>Comment appliquer Jubilee :<\/strong><\/h4>\n<p>Bien m\u00e9langer avant de l'utiliser.<\/p>\n<p>Un minimum de 2 couches peut \u00eatre n\u00e9cessaire.<\/p>\n<p>\u00c9vitez de peindre en plein soleil ou lorsque l'air est humide.<\/p>\n<p>La couverture varie en fonction de l'\u00e9tat et de la porosit\u00e9 de la surface.<\/p>\n<p>Les pinceaux Cervus sont id\u00e9aux pour tous vos projets de peinture, qu'ils soient petits ou grands.<br \/>\nIls sont disponibles en <a href=\"https:\/\/www.mididecorstchinian.com\/fr\/produit\/cervus-pennelli-brushes-flat-s-k-green-handle\/\">vert plat<\/a>, <a href=\"https:\/\/www.mididecorstchinian.com\/fr\/produit\/cervus-pennelli-brushes-flat-s-ap18-red-handle\/\">rouge plat<\/a>, <a href=\"https:\/\/www.mididecorstchinian.com\/fr\/produit\/cervus-pennelli-oval-paint-brushes-s-169\/\">ovale<\/a> et<a href=\"https:\/\/www.mididecorstchinian.com\/fr\/produit\/cervus-pennelli-brushes-rechampir-s-89-sizes-21-25\/\"> pointue.<\/a><\/p>\n<h4><strong>Temps de s\u00e9chage :<\/strong><\/h4>\n<p>Sec au toucher en 1 heure<\/p>\n<h4><strong>Stockage et nettoyage :<\/strong><\/h4>\n<p>Nettoyer imm\u00e9diatement les \u00e9claboussures de peinture.<\/p>\n<p>Refermer la bo\u00eete apr\u00e8s utilisation.<\/p>\n<p>\u00c9viter de stocker la peinture dans des conditions de gel ou de temp\u00e9rature \u00e9lev\u00e9e.<\/p>\n<p>Nettoyez votre brosse avec de l'eau chaude savonneuse.<\/p>\n<p>Certifi\u00e9 sans danger pour les jouets selon EN71-3:2013+A3:2019<\/p>\n<p><a href=\"https:\/\/www.facebook.com\/frenchicfrance\/photos\/?ref=page_internal\">https:\/\/www.facebook.com\/frenchicfrance\/photos\/?ref=page_internal<\/a><\/p>\n<p>Nous sommes disponibles via WhatsApp -<a href=\"https:\/\/wa.me\/33784863599\">\u00a0cliquez ici :\u00a0<\/a><\/p>\n<p>&nbsp;<\/p>","protected":false},"excerpt":{"rendered":"<p>Jubilee \u2013 Un platine m\u00e9tallique somptueux, brillant, l\u00e9ger et argent\u00e9. Produit pour marquer le jubil\u00e9 de platine de Sa Majest\u00e9 la Reine, Elizabeth II.<\/p>","protected":false},"featured_media":5120,"template":"","meta":[],"product_brand":[363],"product_cat":[354],"product_tag":[382,376,379,377,384,378,380,383,374],"class_list":{"0":"post-5119","1":"product","2":"type-product","3":"status-publish","4":"has-post-thumbnail","6":"product_brand-frenchic-paint","7":"product_cat-metallic-paint-frenchic","8":"product_tag-concrete","9":"product_tag-exterior","10":"product_tag-furniture","11":"product_tag-interior","12":"product_tag-mdf","13":"product_tag-metal","14":"product_tag-pvc","15":"product_tag-tiles","16":"product_tag-wood","18":"first","19":"instock","20":"taxable","21":"shipping-taxable","22":"purchasable","23":"product-type-simple"},"yoast_head":"<!-- This site is optimized with the Yoast SEO plugin v27.3 - https:\/\/yoast.com\/product\/yoast-seo-wordpress\/ -->\n<title>Frenchic Metallic Paint - Jubilee - 500ml | Midi D\u00e9cor St Chinian<\/title>\n<meta name=\"description\" content=\"Jubilee - A sumptuous, gleaming, light and silvery, metallic platinum. Produced to mark the Platinum Jubilee of Her Majesty The Queen, Elizabeth II.\" \/>\n<meta name=\"robots\" content=\"index, follow, max-snippet:-1, max-image-preview:large, max-video-preview:-1\" \/>\n<link rel=\"canonical\" href=\"https:\/\/www.mididecorstchinian.com\/fr\/produit\/frenchic-metallic-paint-jubilee-500ml\/\" \/>\n<meta property=\"og:locale\" content=\"fr_FR\" \/>\n<meta property=\"og:type\" content=\"article\" \/>\n<meta property=\"og:title\" content=\"Frenchic Metallic Paint - Jubilee - 500ml | Midi D\u00e9cor St Chinian\" \/>\n<meta property=\"og:description\" content=\"Jubilee - A sumptuous, gleaming, light and silvery, metallic platinum. Produced to mark the Platinum Jubilee of Her Majesty The Queen, Elizabeth II.\" \/>\n<meta property=\"og:url\" content=\"https:\/\/www.mididecorstchinian.com\/fr\/produit\/frenchic-metallic-paint-jubilee-500ml\/\" \/>\n<meta property=\"og:site_name\" content=\"Midi D\u00e9cor St Chinian\" \/>\n<meta property=\"article:publisher\" content=\"https:\/\/www.facebook.com\/mididecorstchinian\" \/>\n<meta property=\"article:modified_time\" content=\"2026-04-23T14:16:19+00:00\" \/>\n<meta property=\"og:image\" content=\"https:\/\/www.mididecorstchinian.com\/wp-content\/uploads\/2024\/12\/Frenchic-Metallic-Jubilee.jpg\" \/>\n\t<meta property=\"og:image:width\" content=\"823\" \/>\n\t<meta property=\"og:image:height\" content=\"823\" \/>\n\t<meta property=\"og:image:type\" content=\"image\/jpeg\" \/>\n<meta name=\"twitter:card\" content=\"summary_large_image\" \/>\n<meta name=\"twitter:label1\" content=\"Dur\u00e9e de lecture estim\u00e9e\" \/>\n\t<meta name=\"twitter:data1\" content=\"2 minutes\" \/>\n<script type=\"application\/ld+json\" class=\"yoast-schema-graph\">{\"@context\":\"https:\\\/\\\/schema.org\",\"@graph\":[{\"@type\":\"WebPage\",\"@id\":\"https:\\\/\\\/www.mididecorstchinian.com\\\/product\\\/frenchic-metallic-paint-jubilee-500ml\\\/\",\"url\":\"https:\\\/\\\/www.mididecorstchinian.com\\\/product\\\/frenchic-metallic-paint-jubilee-500ml\\\/\",\"name\":\"Frenchic Metallic Paint - Jubilee - 500ml | Midi D\u00e9cor St Chinian\",\"isPartOf\":{\"@id\":\"https:\\\/\\\/www.mididecorstchinian.com\\\/#website\"},\"primaryImageOfPage\":{\"@id\":\"https:\\\/\\\/www.mididecorstchinian.com\\\/product\\\/frenchic-metallic-paint-jubilee-500ml\\\/#primaryimage\"},\"image\":{\"@id\":\"https:\\\/\\\/www.mididecorstchinian.com\\\/product\\\/frenchic-metallic-paint-jubilee-500ml\\\/#primaryimage\"},\"thumbnailUrl\":\"https:\\\/\\\/www.mididecorstchinian.com\\\/wp-content\\\/uploads\\\/2024\\\/12\\\/Frenchic-Metallic-Jubilee.jpg\",\"datePublished\":\"2024-12-10T11:03:17+00:00\",\"dateModified\":\"2026-04-23T14:16:19+00:00\",\"description\":\"Jubilee - A sumptuous, gleaming, light and silvery, metallic platinum. Produced to mark the Platinum Jubilee of Her Majesty The Queen, Elizabeth II.\",\"breadcrumb\":{\"@id\":\"https:\\\/\\\/www.mididecorstchinian.com\\\/product\\\/frenchic-metallic-paint-jubilee-500ml\\\/#breadcrumb\"},\"inLanguage\":\"fr-FR\",\"potentialAction\":[{\"@type\":\"ReadAction\",\"target\":[\"https:\\\/\\\/www.mididecorstchinian.com\\\/product\\\/frenchic-metallic-paint-jubilee-500ml\\\/\"]}]},{\"@type\":\"ImageObject\",\"inLanguage\":\"fr-FR\",\"@id\":\"https:\\\/\\\/www.mididecorstchinian.com\\\/product\\\/frenchic-metallic-paint-jubilee-500ml\\\/#primaryimage\",\"url\":\"https:\\\/\\\/www.mididecorstchinian.com\\\/wp-content\\\/uploads\\\/2024\\\/12\\\/Frenchic-Metallic-Jubilee.jpg\",\"contentUrl\":\"https:\\\/\\\/www.mididecorstchinian.com\\\/wp-content\\\/uploads\\\/2024\\\/12\\\/Frenchic-Metallic-Jubilee.jpg\",\"width\":823,\"height\":823,\"caption\":\"Frenchic-Metallic-Jubilee\"},{\"@type\":\"BreadcrumbList\",\"@id\":\"https:\\\/\\\/www.mididecorstchinian.com\\\/product\\\/frenchic-metallic-paint-jubilee-500ml\\\/#breadcrumb\",\"itemListElement\":[{\"@type\":\"ListItem\",\"position\":1,\"name\":\"Home\",\"item\":\"https:\\\/\\\/www.mididecorstchinian.com\\\/\"},{\"@type\":\"ListItem\",\"position\":2,\"name\":\"Shop\",\"item\":\"https:\\\/\\\/www.mididecorstchinian.com\\\/shop\\\/\"},{\"@type\":\"ListItem\",\"position\":3,\"name\":\"Frenchic Metallic Paint &#8211; Jubilee &#8211; 500ml\"}]},{\"@type\":\"WebSite\",\"@id\":\"https:\\\/\\\/www.mididecorstchinian.com\\\/#website\",\"url\":\"https:\\\/\\\/www.mididecorstchinian.com\\\/\",\"name\":\"Midi D\u00e9cor St Chinian\",\"description\":\"Selling Frenchic, Crown &amp; Sandtex paint in France\",\"publisher\":{\"@id\":\"https:\\\/\\\/www.mididecorstchinian.com\\\/#organization\"},\"potentialAction\":[{\"@type\":\"SearchAction\",\"target\":{\"@type\":\"EntryPoint\",\"urlTemplate\":\"https:\\\/\\\/www.mididecorstchinian.com\\\/?s={search_term_string}\"},\"query-input\":{\"@type\":\"PropertyValueSpecification\",\"valueRequired\":true,\"valueName\":\"search_term_string\"}}],\"inLanguage\":\"fr-FR\"},{\"@type\":\"Organization\",\"@id\":\"https:\\\/\\\/www.mididecorstchinian.com\\\/#organization\",\"name\":\"Midi D\u00e9cor St Chinian\",\"url\":\"https:\\\/\\\/www.mididecorstchinian.com\\\/\",\"logo\":{\"@type\":\"ImageObject\",\"inLanguage\":\"fr-FR\",\"@id\":\"https:\\\/\\\/www.mididecorstchinian.com\\\/#\\\/schema\\\/logo\\\/image\\\/\",\"url\":\"https:\\\/\\\/www.mididecorstchinian.com\\\/wp-content\\\/uploads\\\/2025\\\/08\\\/Logo-MD2025-Long-Transparent-medium.png\",\"contentUrl\":\"https:\\\/\\\/www.mididecorstchinian.com\\\/wp-content\\\/uploads\\\/2025\\\/08\\\/Logo-MD2025-Long-Transparent-medium.png\",\"width\":1599,\"height\":532,\"caption\":\"Midi D\u00e9cor St Chinian\"},\"image\":{\"@id\":\"https:\\\/\\\/www.mididecorstchinian.com\\\/#\\\/schema\\\/logo\\\/image\\\/\"},\"sameAs\":[\"https:\\\/\\\/www.facebook.com\\\/mididecorstchinian\",\"https:\\\/\\\/www.instagram.com\\\/mididecor_saintchinian\\\/\"]}]}<\/script>\n<!-- \/ Yoast SEO plugin. -->","yoast_head_json":{"title":"Frenchic Metallic Paint - Jubilee - 500ml | Midi D\u00e9cor St Chinian","description":"Jubilee - A sumptuous, gleaming, light and silvery, metallic platinum. Produced to mark the Platinum Jubilee of Her Majesty The Queen, Elizabeth II.","robots":{"index":"index","follow":"follow","max-snippet":"max-snippet:-1","max-image-preview":"max-image-preview:large","max-video-preview":"max-video-preview:-1"},"canonical":"https:\/\/www.mididecorstchinian.com\/fr\/produit\/frenchic-metallic-paint-jubilee-500ml\/","og_locale":"fr_FR","og_type":"article","og_title":"Frenchic Metallic Paint - Jubilee - 500ml | Midi D\u00e9cor St Chinian","og_description":"Jubilee - A sumptuous, gleaming, light and silvery, metallic platinum. Produced to mark the Platinum Jubilee of Her Majesty The Queen, Elizabeth II.","og_url":"https:\/\/www.mididecorstchinian.com\/fr\/produit\/frenchic-metallic-paint-jubilee-500ml\/","og_site_name":"Midi D\u00e9cor St Chinian","article_publisher":"https:\/\/www.facebook.com\/mididecorstchinian","article_modified_time":"2026-04-23T14:16:19+00:00","og_image":[{"width":823,"height":823,"url":"https:\/\/www.mididecorstchinian.com\/wp-content\/uploads\/2024\/12\/Frenchic-Metallic-Jubilee.jpg","type":"image\/jpeg"}],"twitter_card":"summary_large_image","twitter_misc":{"Dur\u00e9e de lecture estim\u00e9e":"2 minutes"},"schema":{"@context":"https:\/\/schema.org","@graph":[{"@type":"WebPage","@id":"https:\/\/www.mididecorstchinian.com\/product\/frenchic-metallic-paint-jubilee-500ml\/","url":"https:\/\/www.mididecorstchinian.com\/product\/frenchic-metallic-paint-jubilee-500ml\/","name":"Frenchic Metallic Paint - Jubilee - 500ml | Midi D\u00e9cor St Chinian","isPartOf":{"@id":"https:\/\/www.mididecorstchinian.com\/#website"},"primaryImageOfPage":{"@id":"https:\/\/www.mididecorstchinian.com\/product\/frenchic-metallic-paint-jubilee-500ml\/#primaryimage"},"image":{"@id":"https:\/\/www.mididecorstchinian.com\/product\/frenchic-metallic-paint-jubilee-500ml\/#primaryimage"},"thumbnailUrl":"https:\/\/www.mididecorstchinian.com\/wp-content\/uploads\/2024\/12\/Frenchic-Metallic-Jubilee.jpg","datePublished":"2024-12-10T11:03:17+00:00","dateModified":"2026-04-23T14:16:19+00:00","description":"Jubilee - A sumptuous, gleaming, light and silvery, metallic platinum. Produced to mark the Platinum Jubilee of Her Majesty The Queen, Elizabeth II.","breadcrumb":{"@id":"https:\/\/www.mididecorstchinian.com\/product\/frenchic-metallic-paint-jubilee-500ml\/#breadcrumb"},"inLanguage":"fr-FR","potentialAction":[{"@type":"ReadAction","target":["https:\/\/www.mididecorstchinian.com\/product\/frenchic-metallic-paint-jubilee-500ml\/"]}]},{"@type":"ImageObject","inLanguage":"fr-FR","@id":"https:\/\/www.mididecorstchinian.com\/product\/frenchic-metallic-paint-jubilee-500ml\/#primaryimage","url":"https:\/\/www.mididecorstchinian.com\/wp-content\/uploads\/2024\/12\/Frenchic-Metallic-Jubilee.jpg","contentUrl":"https:\/\/www.mididecorstchinian.com\/wp-content\/uploads\/2024\/12\/Frenchic-Metallic-Jubilee.jpg","width":823,"height":823,"caption":"Frenchic-Metallic-Jubilee"},{"@type":"BreadcrumbList","@id":"https:\/\/www.mididecorstchinian.com\/product\/frenchic-metallic-paint-jubilee-500ml\/#breadcrumb","itemListElement":[{"@type":"ListItem","position":1,"name":"Home","item":"https:\/\/www.mididecorstchinian.com\/"},{"@type":"ListItem","position":2,"name":"Shop","item":"https:\/\/www.mididecorstchinian.com\/shop\/"},{"@type":"ListItem","position":3,"name":"Frenchic Metallic Paint &#8211; Jubilee &#8211; 500ml"}]},{"@type":"WebSite","@id":"https:\/\/www.mididecorstchinian.com\/#website","url":"https:\/\/www.mididecorstchinian.com\/","name":"Midi D\u00e9cor St Chinian","description":"Selling Frenchic, Crown &amp; Sandtex paint in France","publisher":{"@id":"https:\/\/www.mididecorstchinian.com\/#organization"},"potentialAction":[{"@type":"SearchAction","target":{"@type":"EntryPoint","urlTemplate":"https:\/\/www.mididecorstchinian.com\/?s={search_term_string}"},"query-input":{"@type":"PropertyValueSpecification","valueRequired":true,"valueName":"search_term_string"}}],"inLanguage":"fr-FR"},{"@type":"Organization","@id":"https:\/\/www.mididecorstchinian.com\/#organization","name":"Midi D\u00e9cor St Chinian","url":"https:\/\/www.mididecorstchinian.com\/","logo":{"@type":"ImageObject","inLanguage":"fr-FR","@id":"https:\/\/www.mididecorstchinian.com\/#\/schema\/logo\/image\/","url":"https:\/\/www.mididecorstchinian.com\/wp-content\/uploads\/2025\/08\/Logo-MD2025-Long-Transparent-medium.png","contentUrl":"https:\/\/www.mididecorstchinian.com\/wp-content\/uploads\/2025\/08\/Logo-MD2025-Long-Transparent-medium.png","width":1599,"height":532,"caption":"Midi D\u00e9cor St Chinian"},"image":{"@id":"https:\/\/www.mididecorstchinian.com\/#\/schema\/logo\/image\/"},"sameAs":["https:\/\/www.facebook.com\/mididecorstchinian","https:\/\/www.instagram.com\/mididecor_saintchinian\/"]}]}},"jetpack_sharing_enabled":true,"_links":{"self":[{"href":"https:\/\/www.mididecorstchinian.com\/fr\/wp-json\/wp\/v2\/product\/5119","targetHints":{"allow":["GET"]}}],"collection":[{"href":"https:\/\/www.mididecorstchinian.com\/fr\/wp-json\/wp\/v2\/product"}],"about":[{"href":"https:\/\/www.mididecorstchinian.com\/fr\/wp-json\/wp\/v2\/types\/product"}],"wp:featuredmedia":[{"embeddable":true,"href":"https:\/\/www.mididecorstchinian.com\/fr\/wp-json\/wp\/v2\/media\/5120"}],"wp:attachment":[{"href":"https:\/\/www.mididecorstchinian.com\/fr\/wp-json\/wp\/v2\/media?parent=5119"}],"wp:term":[{"taxonomy":"product_brand","embeddable":true,"href":"https:\/\/www.mididecorstchinian.com\/fr\/wp-json\/wp\/v2\/product_brand?post=5119"},{"taxonomy":"product_cat","embeddable":true,"href":"https:\/\/www.mididecorstchinian.com\/fr\/wp-json\/wp\/v2\/product_cat?post=5119"},{"taxonomy":"product_tag","embeddable":true,"href":"https:\/\/www.mididecorstchinian.com\/fr\/wp-json\/wp\/v2\/product_tag?post=5119"}],"curies":[{"name":"wp","href":"https:\/\/api.w.org\/{rel}","templated":true}]}}